{"id":415,"date":"2024-03-01T10:38:41","date_gmt":"2024-03-01T10:38:41","guid":{"rendered":"https:\/\/unmondeplusbeau.fr\/?page_id=415"},"modified":"2024-03-17T18:31:02","modified_gmt":"2024-03-17T18:31:02","slug":"personnalisation","status":"publish","type":"page","link":"https:\/\/unmondeplusbeau.fr\/?page_id=415","title":{"rendered":"Personnalisation"},"content":{"rendered":"<p class=\"has-text-align-left\" style=\"margin-right:var(--wp--preset--spacing--xx-large);margin-left:var(--wp--preset--spacing--xx-large);padding-right:var(--wp--preset--spacing--xx-large);padding-left:var(--wp--preset--spacing--xx-large)\">L&rsquo;ajout d&rsquo;une personnalisation est possible sur la plupart des articles de la boutique (v\u00e9rifiez au pr\u00e9alable sur la fiche produit). Il s&rsquo;agit d&rsquo;un produit compl\u00e9mentaire et facultatif. Pour cr\u00e9er une personnalisation, il vous suffit d&rsquo;ajouter l&rsquo;article OPTION PERSONNALISATION en suppl\u00e9ment du produit que vous souhaitez personnaliser.<\/p><h2 class=\"wp-block-heading alignwide has-text-align-center has-tertiary-background-color has-background\" style=\"margin-right:0;margin-left:0;padding-top:0;padding-right:0;padding-bottom:0;padding-left:0\">Choix des couleurs de flex<\/h2><p>La personnalisation est r\u00e9alis\u00e9e \u00e0 partir de flex thermocollant. Il existe un large choix de couleurs. Je vous propose les coloris les plus demand\u00e9s.<\/p><p>Pour faire votre choix, gardez en t\u00eate que pour \u00eatre visible, il vaut mieux choisir un coloris qui contraste avec le tissu sur lequel la personnalisation sera fix\u00e9e.<\/p><div class=\"wp-block-columns is-layout-flex wp-container-core-columns-is-layout-1 wp-block-columns-is-layout-flex\"><div class=\"wp-block-column is-layout-flow wp-block-column-is-layout-flow\"><figure data-wp-context=\"{&quot;imageId&quot;:&quot;69f292f6bdac2&quot;}\" data-wp-interactive=\"core\/image\" class=\"wp-block-image size-large wp-lightbox-container\"><img loading=\"lazy\" decoding=\"async\" width=\"1024\" height=\"682\" data-wp-class--hide=\"state.isContentHidden\" data-wp-class--show=\"state.isContentVisible\" data-wp-init=\"callbacks.setButtonStyles\" data-wp-on-async--click=\"actions.showLightbox\" data-wp-on-async--load=\"callbacks.setButtonStyles\" data-wp-on-async-window--resize=\"callbacks.setButtonStyles\" src=\"https:\/\/unmondeplusbeau.fr\/wp-content\/uploads\/2024\/02\/DSC_0017-1024x682.jpg\" alt=\"\" class=\"wp-image-498\" style=\"aspect-ratio:1;object-fit:cover\" srcset=\"https:\/\/unmondeplusbeau.fr\/wp-content\/uploads\/2024\/02\/DSC_0017-1024x682.jpg 1024w, https:\/\/unmondeplusbeau.fr\/wp-content\/uploads\/2024\/02\/DSC_0017-300x200.jpg 300w, https:\/\/unmondeplusbeau.fr\/wp-content\/uploads\/2024\/02\/DSC_0017-768x512.jpg 768w, https:\/\/unmondeplusbeau.fr\/wp-content\/uploads\/2024\/02\/DSC_0017-1536x1024.jpg 1536w, https:\/\/unmondeplusbeau.fr\/wp-content\/uploads\/2024\/02\/DSC_0017-600x400.jpg 600w, https:\/\/unmondeplusbeau.fr\/wp-content\/uploads\/2024\/02\/DSC_0017.jpg 2000w\" sizes=\"auto, (max-width: 1024px) 100vw, 1024px\" \/><button\n\t\t\tclass=\"lightbox-trigger\"\n\t\t\ttype=\"button\"\n\t\t\taria-haspopup=\"dialog\"\n\t\t\taria-label=\"Agrandir l\u2018image\"\n\t\t\tdata-wp-init=\"callbacks.initTriggerButton\"\n\t\t\tdata-wp-on-async--click=\"actions.showLightbox\"\n\t\t\tdata-wp-style--right=\"state.imageButtonRight\"\n\t\t\tdata-wp-style--top=\"state.imageButtonTop\"\n\t\t>\n\t\t\t<svg xmlns=\"http:\/\/www.w3.org\/2000\/svg\" width=\"12\" height=\"12\" fill=\"none\" viewBox=\"0 0 12 12\">\n\t\t\t\t<path fill=\"#fff\" d=\"M2 0a2 2 0 0 0-2 2v2h1.5V2a.5.5 0 0 1 .5-.5h2V0H2Zm2 10.5H2a.5.5 0 0 1-.5-.5V8H0v2a2 2 0 0 0 2 2h2v-1.5ZM8 12v-1.5h2a.5.5 0 0 0 .5-.5V8H12v2a2 2 0 0 1-2 2H8Zm2-12a2 2 0 0 1 2 2v2h-1.5V2a.5.5 0 0 0-.5-.5H8V0h2Z\" \/>\n\t\t\t<\/svg>\n\t\t<\/button><figcaption class=\"wp-element-caption\">Noir<\/figcaption><\/figure><\/div>\n\n<div class=\"wp-block-column is-layout-flow wp-block-column-is-layout-flow\"><figure data-wp-context=\"{&quot;imageId&quot;:&quot;69f292f6be798&quot;}\" data-wp-interactive=\"core\/image\" class=\"wp-block-image size-large wp-lightbox-container\"><img loading=\"lazy\" decoding=\"async\" width=\"1024\" height=\"682\" data-wp-class--hide=\"state.isContentHidden\" data-wp-class--show=\"state.isContentVisible\" data-wp-init=\"callbacks.setButtonStyles\" data-wp-on-async--click=\"actions.showLightbox\" data-wp-on-async--load=\"callbacks.setButtonStyles\" data-wp-on-async-window--resize=\"callbacks.setButtonStyles\" src=\"https:\/\/unmondeplusbeau.fr\/wp-content\/uploads\/2024\/02\/DSC_0016-1024x682.jpg\" alt=\"\" class=\"wp-image-497\" style=\"aspect-ratio:1;object-fit:cover\" srcset=\"https:\/\/unmondeplusbeau.fr\/wp-content\/uploads\/2024\/02\/DSC_0016-1024x682.jpg 1024w, https:\/\/unmondeplusbeau.fr\/wp-content\/uploads\/2024\/02\/DSC_0016-300x200.jpg 300w, https:\/\/unmondeplusbeau.fr\/wp-content\/uploads\/2024\/02\/DSC_0016-768x512.jpg 768w, https:\/\/unmondeplusbeau.fr\/wp-content\/uploads\/2024\/02\/DSC_0016-1536x1024.jpg 1536w, https:\/\/unmondeplusbeau.fr\/wp-content\/uploads\/2024\/02\/DSC_0016-600x400.jpg 600w, https:\/\/unmondeplusbeau.fr\/wp-content\/uploads\/2024\/02\/DSC_0016.jpg 2000w\" sizes=\"auto, (max-width: 1024px) 100vw, 1024px\" \/><button\n\t\t\tclass=\"lightbox-trigger\"\n\t\t\ttype=\"button\"\n\t\t\taria-haspopup=\"dialog\"\n\t\t\taria-label=\"Agrandir l\u2018image\"\n\t\t\tdata-wp-init=\"callbacks.initTriggerButton\"\n\t\t\tdata-wp-on-async--click=\"actions.showLightbox\"\n\t\t\tdata-wp-style--right=\"state.imageButtonRight\"\n\t\t\tdata-wp-style--top=\"state.imageButtonTop\"\n\t\t>\n\t\t\t<svg xmlns=\"http:\/\/www.w3.org\/2000\/svg\" width=\"12\" height=\"12\" fill=\"none\" viewBox=\"0 0 12 12\">\n\t\t\t\t<path fill=\"#fff\" d=\"M2 0a2 2 0 0 0-2 2v2h1.5V2a.5.5 0 0 1 .5-.5h2V0H2Zm2 10.5H2a.5.5 0 0 1-.5-.5V8H0v2a2 2 0 0 0 2 2h2v-1.5ZM8 12v-1.5h2a.5.5 0 0 0 .5-.5V8H12v2a2 2 0 0 1-2 2H8Zm2-12a2 2 0 0 1 2 2v2h-1.5V2a.5.5 0 0 0-.5-.5H8V0h2Z\" \/>\n\t\t\t<\/svg>\n\t\t<\/button><figcaption class=\"wp-element-caption\">Marron<\/figcaption><\/figure><\/div>\n\n<div class=\"wp-block-column is-layout-flow wp-block-column-is-layout-flow\"><figure data-wp-context=\"{&quot;imageId&quot;:&quot;69f292f6beb02&quot;}\" data-wp-interactive=\"core\/image\" class=\"wp-block-image size-large is-resized wp-lightbox-container\"><img loading=\"lazy\" decoding=\"async\" width=\"1024\" height=\"682\" data-wp-class--hide=\"state.isContentHidden\" data-wp-class--show=\"state.isContentVisible\" data-wp-init=\"callbacks.setButtonStyles\" data-wp-on-async--click=\"actions.showLightbox\" data-wp-on-async--load=\"callbacks.setButtonStyles\" data-wp-on-async-window--resize=\"callbacks.setButtonStyles\" src=\"https:\/\/unmondeplusbeau.fr\/wp-content\/uploads\/2024\/02\/DSC_0050-1024x682.jpg\" alt=\"\" class=\"wp-image-515\" style=\"aspect-ratio:1;object-fit:cover;width:237px;height:auto\" srcset=\"https:\/\/unmondeplusbeau.fr\/wp-content\/uploads\/2024\/02\/DSC_0050-1024x682.jpg 1024w, https:\/\/unmondeplusbeau.fr\/wp-content\/uploads\/2024\/02\/DSC_0050-300x200.jpg 300w, https:\/\/unmondeplusbeau.fr\/wp-content\/uploads\/2024\/02\/DSC_0050-768x512.jpg 768w, https:\/\/unmondeplusbeau.fr\/wp-content\/uploads\/2024\/02\/DSC_0050-1536x1024.jpg 1536w, https:\/\/unmondeplusbeau.fr\/wp-content\/uploads\/2024\/02\/DSC_0050-600x400.jpg 600w, https:\/\/unmondeplusbeau.fr\/wp-content\/uploads\/2024\/02\/DSC_0050.jpg 2000w\" sizes=\"auto, (max-width: 1024px) 100vw, 1024px\" \/><button\n\t\t\tclass=\"lightbox-trigger\"\n\t\t\ttype=\"button\"\n\t\t\taria-haspopup=\"dialog\"\n\t\t\taria-label=\"Agrandir l\u2018image\"\n\t\t\tdata-wp-init=\"callbacks.initTriggerButton\"\n\t\t\tdata-wp-on-async--click=\"actions.showLightbox\"\n\t\t\tdata-wp-style--right=\"state.imageButtonRight\"\n\t\t\tdata-wp-style--top=\"state.imageButtonTop\"\n\t\t>\n\t\t\t<svg xmlns=\"http:\/\/www.w3.org\/2000\/svg\" width=\"12\" height=\"12\" fill=\"none\" viewBox=\"0 0 12 12\">\n\t\t\t\t<path fill=\"#fff\" d=\"M2 0a2 2 0 0 0-2 2v2h1.5V2a.5.5 0 0 1 .5-.5h2V0H2Zm2 10.5H2a.5.5 0 0 1-.5-.5V8H0v2a2 2 0 0 0 2 2h2v-1.5ZM8 12v-1.5h2a.5.5 0 0 0 .5-.5V8H12v2a2 2 0 0 1-2 2H8Zm2-12a2 2 0 0 1 2 2v2h-1.5V2a.5.5 0 0 0-.5-.5H8V0h2Z\" \/>\n\t\t\t<\/svg>\n\t\t<\/button><figcaption class=\"wp-element-caption\">Blanc<\/figcaption><\/figure><\/div><\/div><div class=\"wp-block-columns is-layout-flex wp-container-core-columns-is-layout-2 wp-block-columns-is-layout-flex\"><div class=\"wp-block-column is-layout-flow wp-block-column-is-layout-flow\"><figure data-wp-context=\"{&quot;imageId&quot;:&quot;69f292f6bef0a&quot;}\" data-wp-interactive=\"core\/image\" class=\"wp-block-image size-large wp-lightbox-container\"><img loading=\"lazy\" decoding=\"async\" width=\"1024\" height=\"682\" data-wp-class--hide=\"state.isContentHidden\" data-wp-class--show=\"state.isContentVisible\" data-wp-init=\"callbacks.setButtonStyles\" data-wp-on-async--click=\"actions.showLightbox\" data-wp-on-async--load=\"callbacks.setButtonStyles\" data-wp-on-async-window--resize=\"callbacks.setButtonStyles\" src=\"https:\/\/unmondeplusbeau.fr\/wp-content\/uploads\/2024\/02\/DSC_0011-1024x682.jpg\" alt=\"\" class=\"wp-image-495\" style=\"aspect-ratio:1;object-fit:cover\" srcset=\"https:\/\/unmondeplusbeau.fr\/wp-content\/uploads\/2024\/02\/DSC_0011-1024x682.jpg 1024w, https:\/\/unmondeplusbeau.fr\/wp-content\/uploads\/2024\/02\/DSC_0011-300x200.jpg 300w, https:\/\/unmondeplusbeau.fr\/wp-content\/uploads\/2024\/02\/DSC_0011-768x512.jpg 768w, https:\/\/unmondeplusbeau.fr\/wp-content\/uploads\/2024\/02\/DSC_0011-1536x1024.jpg 1536w, https:\/\/unmondeplusbeau.fr\/wp-content\/uploads\/2024\/02\/DSC_0011-600x400.jpg 600w, https:\/\/unmondeplusbeau.fr\/wp-content\/uploads\/2024\/02\/DSC_0011.jpg 2000w\" sizes=\"auto, (max-width: 1024px) 100vw, 1024px\" \/><button\n\t\t\tclass=\"lightbox-trigger\"\n\t\t\ttype=\"button\"\n\t\t\taria-haspopup=\"dialog\"\n\t\t\taria-label=\"Agrandir l\u2018image\"\n\t\t\tdata-wp-init=\"callbacks.initTriggerButton\"\n\t\t\tdata-wp-on-async--click=\"actions.showLightbox\"\n\t\t\tdata-wp-style--right=\"state.imageButtonRight\"\n\t\t\tdata-wp-style--top=\"state.imageButtonTop\"\n\t\t>\n\t\t\t<svg xmlns=\"http:\/\/www.w3.org\/2000\/svg\" width=\"12\" height=\"12\" fill=\"none\" viewBox=\"0 0 12 12\">\n\t\t\t\t<path fill=\"#fff\" d=\"M2 0a2 2 0 0 0-2 2v2h1.5V2a.5.5 0 0 1 .5-.5h2V0H2Zm2 10.5H2a.5.5 0 0 1-.5-.5V8H0v2a2 2 0 0 0 2 2h2v-1.5ZM8 12v-1.5h2a.5.5 0 0 0 .5-.5V8H12v2a2 2 0 0 1-2 2H8Zm2-12a2 2 0 0 1 2 2v2h-1.5V2a.5.5 0 0 0-.5-.5H8V0h2Z\" \/>\n\t\t\t<\/svg>\n\t\t<\/button><figcaption class=\"wp-element-caption\">Miroir argent\u00e9<\/figcaption><\/figure><\/div>\n\n<div class=\"wp-block-column is-layout-flow wp-block-column-is-layout-flow\"><figure data-wp-context=\"{&quot;imageId&quot;:&quot;69f292f6bf328&quot;}\" data-wp-interactive=\"core\/image\" class=\"wp-block-image size-large wp-lightbox-container\"><img loading=\"lazy\" decoding=\"async\" width=\"1024\" height=\"682\" data-wp-class--hide=\"state.isContentHidden\" data-wp-class--show=\"state.isContentVisible\" data-wp-init=\"callbacks.setButtonStyles\" data-wp-on-async--click=\"actions.showLightbox\" data-wp-on-async--load=\"callbacks.setButtonStyles\" data-wp-on-async-window--resize=\"callbacks.setButtonStyles\" src=\"https:\/\/unmondeplusbeau.fr\/wp-content\/uploads\/2024\/03\/DSC_0013-1024x682.jpg\" alt=\"\" class=\"wp-image-516\" style=\"aspect-ratio:1;object-fit:cover\" srcset=\"https:\/\/unmondeplusbeau.fr\/wp-content\/uploads\/2024\/03\/DSC_0013-1024x682.jpg 1024w, https:\/\/unmondeplusbeau.fr\/wp-content\/uploads\/2024\/03\/DSC_0013-300x200.jpg 300w, https:\/\/unmondeplusbeau.fr\/wp-content\/uploads\/2024\/03\/DSC_0013-768x512.jpg 768w, https:\/\/unmondeplusbeau.fr\/wp-content\/uploads\/2024\/03\/DSC_0013-1536x1024.jpg 1536w, https:\/\/unmondeplusbeau.fr\/wp-content\/uploads\/2024\/03\/DSC_0013-600x400.jpg 600w, https:\/\/unmondeplusbeau.fr\/wp-content\/uploads\/2024\/03\/DSC_0013.jpg 2000w\" sizes=\"auto, (max-width: 1024px) 100vw, 1024px\" \/><button\n\t\t\tclass=\"lightbox-trigger\"\n\t\t\ttype=\"button\"\n\t\t\taria-haspopup=\"dialog\"\n\t\t\taria-label=\"Agrandir l\u2018image\"\n\t\t\tdata-wp-init=\"callbacks.initTriggerButton\"\n\t\t\tdata-wp-on-async--click=\"actions.showLightbox\"\n\t\t\tdata-wp-style--right=\"state.imageButtonRight\"\n\t\t\tdata-wp-style--top=\"state.imageButtonTop\"\n\t\t>\n\t\t\t<svg xmlns=\"http:\/\/www.w3.org\/2000\/svg\" width=\"12\" height=\"12\" fill=\"none\" viewBox=\"0 0 12 12\">\n\t\t\t\t<path fill=\"#fff\" d=\"M2 0a2 2 0 0 0-2 2v2h1.5V2a.5.5 0 0 1 .5-.5h2V0H2Zm2 10.5H2a.5.5 0 0 1-.5-.5V8H0v2a2 2 0 0 0 2 2h2v-1.5ZM8 12v-1.5h2a.5.5 0 0 0 .5-.5V8H12v2a2 2 0 0 1-2 2H8Zm2-12a2 2 0 0 1 2 2v2h-1.5V2a.5.5 0 0 0-.5-.5H8V0h2Z\" \/>\n\t\t\t<\/svg>\n\t\t<\/button><figcaption class=\"wp-element-caption\">Miroir Gold<\/figcaption><\/figure><\/div>\n\n<div class=\"wp-block-column is-layout-flow wp-block-column-is-layout-flow\"><figure data-wp-context=\"{&quot;imageId&quot;:&quot;69f292f6bf718&quot;}\" data-wp-interactive=\"core\/image\" class=\"wp-block-image size-large wp-lightbox-container\"><img loading=\"lazy\" decoding=\"async\" width=\"1024\" height=\"682\" data-wp-class--hide=\"state.isContentHidden\" data-wp-class--show=\"state.isContentVisible\" data-wp-init=\"callbacks.setButtonStyles\" data-wp-on-async--click=\"actions.showLightbox\" data-wp-on-async--load=\"callbacks.setButtonStyles\" data-wp-on-async-window--resize=\"callbacks.setButtonStyles\" src=\"https:\/\/unmondeplusbeau.fr\/wp-content\/uploads\/2024\/02\/DSC_0015-1024x682.jpg\" alt=\"\" class=\"wp-image-496\" style=\"aspect-ratio:1;object-fit:cover\" srcset=\"https:\/\/unmondeplusbeau.fr\/wp-content\/uploads\/2024\/02\/DSC_0015-1024x682.jpg 1024w, https:\/\/unmondeplusbeau.fr\/wp-content\/uploads\/2024\/02\/DSC_0015-300x200.jpg 300w, https:\/\/unmondeplusbeau.fr\/wp-content\/uploads\/2024\/02\/DSC_0015-768x512.jpg 768w, https:\/\/unmondeplusbeau.fr\/wp-content\/uploads\/2024\/02\/DSC_0015-1536x1024.jpg 1536w, https:\/\/unmondeplusbeau.fr\/wp-content\/uploads\/2024\/02\/DSC_0015-600x400.jpg 600w, https:\/\/unmondeplusbeau.fr\/wp-content\/uploads\/2024\/02\/DSC_0015.jpg 2000w\" sizes=\"auto, (max-width: 1024px) 100vw, 1024px\" \/><button\n\t\t\tclass=\"lightbox-trigger\"\n\t\t\ttype=\"button\"\n\t\t\taria-haspopup=\"dialog\"\n\t\t\taria-label=\"Agrandir l\u2018image\"\n\t\t\tdata-wp-init=\"callbacks.initTriggerButton\"\n\t\t\tdata-wp-on-async--click=\"actions.showLightbox\"\n\t\t\tdata-wp-style--right=\"state.imageButtonRight\"\n\t\t\tdata-wp-style--top=\"state.imageButtonTop\"\n\t\t>\n\t\t\t<svg xmlns=\"http:\/\/www.w3.org\/2000\/svg\" width=\"12\" height=\"12\" fill=\"none\" viewBox=\"0 0 12 12\">\n\t\t\t\t<path fill=\"#fff\" d=\"M2 0a2 2 0 0 0-2 2v2h1.5V2a.5.5 0 0 1 .5-.5h2V0H2Zm2 10.5H2a.5.5 0 0 1-.5-.5V8H0v2a2 2 0 0 0 2 2h2v-1.5ZM8 12v-1.5h2a.5.5 0 0 0 .5-.5V8H12v2a2 2 0 0 1-2 2H8Zm2-12a2 2 0 0 1 2 2v2h-1.5V2a.5.5 0 0 0-.5-.5H8V0h2Z\" \/>\n\t\t\t<\/svg>\n\t\t<\/button><figcaption class=\"wp-element-caption\">Miroir Dor\u00e9<\/figcaption><\/figure><\/div><\/div><p>Dans la fiche produit de votre Option Personnalisation :<\/p><ul class=\"wp-block-list\"><li>Indiquez le texte qui sera sur votre produit. Ex : Infirmi\u00e8re Pauline (Pochette soignant), Notre Famille (Prot\u00e8ge livret de famille ou Famille Manac&rsquo;h)&#8230;<\/li>\n\n<li>Choisissez la couleur du flex de la personnalisation<\/li>\n\n<li>Indiquez quel article est concern\u00e9 par cette option. Ex : Porte-ch\u00e9quier (nom de la ref du tissu \u00e0 motif). Cela permet, en cas d&rsquo;une commande de plusieurs articles, de faire correspondre chaque personnalisation sur chaque produit.<\/li><\/ul><p><\/p><p><\/p><h2 class=\"wp-block-heading has-text-align-center has-tertiary-background-color has-background\" style=\"margin-top:0;margin-right:var(--wp--preset--spacing--xx-large);margin-bottom:0;margin-left:var(--wp--preset--spacing--xx-large);padding-top:0;padding-right:var(--wp--preset--spacing--xx-large);padding-bottom:0;padding-left:var(--wp--preset--spacing--xx-large)\">L&rsquo;option personnalisation<\/h2><p>Lors de votre commande, certains articles peuvent \u00eatre personnalis\u00e9s en ajoutant l&rsquo;option personnalisation. V\u00e9rifiez que c&rsquo;est bien le cas avant de l&rsquo;ajouter \u00e0 votre panier.<\/p><div class=\"wp-block-cover has-custom-content-position is-position-bottom-center\"><span aria-hidden=\"true\" class=\"wp-block-cover__background has-background-dim\"><\/span><img loading=\"lazy\" decoding=\"async\" width=\"1024\" height=\"682\" class=\"wp-block-cover__image-background wp-image-493\" alt=\"\" src=\"https:\/\/unmondeplusbeau.fr\/wp-content\/uploads\/2024\/02\/DSC_0049-1024x682.jpg\" data-object-fit=\"cover\" srcset=\"https:\/\/unmondeplusbeau.fr\/wp-content\/uploads\/2024\/02\/DSC_0049-1024x682.jpg 1024w, https:\/\/unmondeplusbeau.fr\/wp-content\/uploads\/2024\/02\/DSC_0049-300x200.jpg 300w, https:\/\/unmondeplusbeau.fr\/wp-content\/uploads\/2024\/02\/DSC_0049-768x512.jpg 768w, https:\/\/unmondeplusbeau.fr\/wp-content\/uploads\/2024\/02\/DSC_0049-1536x1024.jpg 1536w, https:\/\/unmondeplusbeau.fr\/wp-content\/uploads\/2024\/02\/DSC_0049-600x400.jpg 600w, https:\/\/unmondeplusbeau.fr\/wp-content\/uploads\/2024\/02\/DSC_0049.jpg 2000w\" sizes=\"auto, (max-width: 1024px) 100vw, 1024px\" \/><div class=\"wp-block-cover__inner-container is-layout-flow wp-block-cover-is-layout-flow\"><p class=\"has-text-align-center has-large-font-size\">L&rsquo;option personnalisation <\/p>\n\n<div class=\"wp-block-buttons is-content-justification-center is-layout-flex wp-container-core-buttons-is-layout-1 wp-block-buttons-is-layout-flex\"><div class=\"wp-block-button is-style-fill\"><a class=\"wp-block-button__link has-text-align-center wp-element-button\" href=\"https:\/\/unmondeplusbeau.fr\/?product=pochette-soignant-personnalisable\">5 \u20ac<\/a><\/div><\/div><\/div><\/div><p><\/p>","protected":false},"excerpt":{"rendered":"<p>L&rsquo;ajout d&rsquo;une personnalisation est possible sur la plupart des articles de la boutique (v\u00e9rifiez au pr\u00e9alable sur la fiche produit). Il s&rsquo;agit d&rsquo;un produit compl\u00e9mentaire et facultatif. Pour cr\u00e9er une personnalisation, il vous suffit d&rsquo;ajouter l&rsquo;article OPTION PERSONNALISATION en suppl\u00e9ment du produit que vous souhaitez personnaliser. Choix des couleurs de flex La personnalisation est r\u00e9alis\u00e9e [&hellip;]<\/p>\n","protected":false},"author":2,"featured_media":0,"parent":0,"menu_order":0,"comment_status":"closed","ping_status":"closed","template":"","meta":{"footnotes":""},"class_list":["post-415","page","type-page","status-publish","hentry"],"jetpack_sharing_enabled":true,"_links":{"self":[{"href":"https:\/\/unmondeplusbeau.fr\/index.php?rest_route=\/wp\/v2\/pages\/415","targetHints":{"allow":["GET"]}}],"collection":[{"href":"https:\/\/unmondeplusbeau.fr\/index.php?rest_route=\/wp\/v2\/pages"}],"about":[{"href":"https:\/\/unmondeplusbeau.fr\/index.php?rest_route=\/wp\/v2\/types\/page"}],"author":[{"embeddable":true,"href":"https:\/\/unmondeplusbeau.fr\/index.php?rest_route=\/wp\/v2\/users\/2"}],"replies":[{"embeddable":true,"href":"https:\/\/unmondeplusbeau.fr\/index.php?rest_route=%2Fwp%2Fv2%2Fcomments&post=415"}],"version-history":[{"count":6,"href":"https:\/\/unmondeplusbeau.fr\/index.php?rest_route=\/wp\/v2\/pages\/415\/revisions"}],"predecessor-version":[{"id":761,"href":"https:\/\/unmondeplusbeau.fr\/index.php?rest_route=\/wp\/v2\/pages\/415\/revisions\/761"}],"wp:attachment":[{"href":"https:\/\/unmondeplusbeau.fr\/index.php?rest_route=%2Fwp%2Fv2%2Fmedia&parent=415"}],"curies":[{"name":"wp","href":"https:\/\/api.w.org\/{rel}","templated":true}]}}