{"id":424,"date":"2024-03-01T11:30:32","date_gmt":"2024-03-01T11:30:32","guid":{"rendered":"https:\/\/unmondeplusbeau.fr\/?page_id=424"},"modified":"2024-03-17T12:40:19","modified_gmt":"2024-03-17T12:40:19","slug":"les-pochettes-soignant","status":"publish","type":"page","link":"https:\/\/unmondeplusbeau.fr\/?page_id=424","title":{"rendered":"Les pochettes soignant"},"content":{"rendered":"\n<p>Choisissez un mod\u00e8le avec une association de tissu d\u00e9j\u00e0 \u00e9tablie ou composer la votre avec la pochette soignant personnalisable. Une version plus grande existe : la pochette soignant XL. Pour ajouter un texte personnalis\u00e9 \u00e0 votre produit, compl\u00e9tez votre commande avec l&rsquo;option personnalisation. <\/p>\n\n\n\n<div class=\"wp-block-columns is-layout-flex wp-container-core-columns-is-layout-28f84493 wp-block-columns-is-layout-flex\">\n<div class=\"wp-block-column is-layout-flow wp-block-column-is-layout-flow\">\n<div class=\"wp-block-cover has-custom-content-position is-position-bottom-left\"><span aria-hidden=\"true\" class=\"wp-block-cover__background has-background-dim\"><\/span><img loading=\"lazy\" decoding=\"async\" width=\"2000\" height=\"1333\" class=\"wp-block-cover__image-background wp-image-493\" alt=\"\" src=\"https:\/\/unmondeplusbeau.fr\/wp-content\/uploads\/2024\/02\/DSC_0049.jpg\" data-object-fit=\"cover\" srcset=\"https:\/\/unmondeplusbeau.fr\/wp-content\/uploads\/2024\/02\/DSC_0049.jpg 2000w, https:\/\/unmondeplusbeau.fr\/wp-content\/uploads\/2024\/02\/DSC_0049-300x200.jpg 300w, https:\/\/unmondeplusbeau.fr\/wp-content\/uploads\/2024\/02\/DSC_0049-1024x682.jpg 1024w, https:\/\/unmondeplusbeau.fr\/wp-content\/uploads\/2024\/02\/DSC_0049-768x512.jpg 768w, https:\/\/unmondeplusbeau.fr\/wp-content\/uploads\/2024\/02\/DSC_0049-1536x1024.jpg 1536w, https:\/\/unmondeplusbeau.fr\/wp-content\/uploads\/2024\/02\/DSC_0049-600x400.jpg 600w\" sizes=\"auto, (max-width: 2000px) 100vw, 2000px\" \/><div class=\"wp-block-cover__inner-container is-layout-flow wp-block-cover-is-layout-flow\">\n<p class=\"has-text-align-left has-white-color has-text-color has-link-color has-large-font-size wp-elements-c09a49c7b049f9fbc2a8cc2a1345896f\">Pochette soignant person<kbd>n<\/kbd>alisable<\/p>\n\n\n\n<div class=\"wp-block-buttons is-layout-flex wp-block-buttons-is-layout-flex\">\n<div class=\"wp-block-button\"><a class=\"wp-block-button__link wp-element-button\" href=\"https:\/\/unmondeplusbeau.fr\/?product=pochette-soignant-personnalisable-copie\">17  \u20ac<\/a><\/div>\n<\/div>\n<\/div><\/div>\n<\/div>\n\n\n\n<div class=\"wp-block-column is-layout-flow wp-block-column-is-layout-flow\">\n<div class=\"wp-block-cover has-custom-content-position is-position-bottom-left\"><span aria-hidden=\"true\" class=\"wp-block-cover__background has-background-dim\"><\/span><img loading=\"lazy\" decoding=\"async\" width=\"2000\" height=\"1333\" class=\"wp-block-cover__image-background wp-image-492\" alt=\"\" src=\"https:\/\/unmondeplusbeau.fr\/wp-content\/uploads\/2024\/02\/DSC_0047.jpg\" data-object-fit=\"cover\" srcset=\"https:\/\/unmondeplusbeau.fr\/wp-content\/uploads\/2024\/02\/DSC_0047.jpg 2000w, https:\/\/unmondeplusbeau.fr\/wp-content\/uploads\/2024\/02\/DSC_0047-300x200.jpg 300w, https:\/\/unmondeplusbeau.fr\/wp-content\/uploads\/2024\/02\/DSC_0047-1024x682.jpg 1024w, https:\/\/unmondeplusbeau.fr\/wp-content\/uploads\/2024\/02\/DSC_0047-768x512.jpg 768w, https:\/\/unmondeplusbeau.fr\/wp-content\/uploads\/2024\/02\/DSC_0047-1536x1024.jpg 1536w, https:\/\/unmondeplusbeau.fr\/wp-content\/uploads\/2024\/02\/DSC_0047-600x400.jpg 600w\" sizes=\"auto, (max-width: 2000px) 100vw, 2000px\" \/><div class=\"wp-block-cover__inner-container is-layout-flow wp-block-cover-is-layout-flow\">\n<p class=\"has-text-align-left has-white-color has-text-color has-link-color has-large-font-size wp-elements-476c3a22d9120c07e086c8d6201958ed\">Pochette soignant XL personnalisable<\/p>\n\n\n\n<div class=\"wp-block-buttons is-layout-flex wp-block-buttons-is-layout-flex\">\n<div class=\"wp-block-button\"><a class=\"wp-block-button__link wp-element-button\" href=\"https:\/\/unmondeplusbeau.fr\/?product=pochette-soignant-xl-personnalisable\">20 \u20ac<\/a><\/div>\n<\/div>\n<\/div><\/div>\n<\/div>\n<\/div>\n\n\n\n<div class=\"wp-block-columns is-layout-flex wp-container-core-columns-is-layout-28f84493 wp-block-columns-is-layout-flex\">\n<div class=\"wp-block-column is-layout-flow wp-block-column-is-layout-flow\">\n<div class=\"wp-block-cover has-custom-content-position is-position-bottom-left\"><span aria-hidden=\"true\" class=\"wp-block-cover__background has-background-dim\"><\/span><img loading=\"lazy\" decoding=\"async\" width=\"2000\" height=\"1333\" class=\"wp-block-cover__image-background wp-image-516\" alt=\"\" src=\"https:\/\/unmondeplusbeau.fr\/wp-content\/uploads\/2024\/03\/DSC_0013.jpg\" data-object-fit=\"cover\" srcset=\"https:\/\/unmondeplusbeau.fr\/wp-content\/uploads\/2024\/03\/DSC_0013.jpg 2000w, https:\/\/unmondeplusbeau.fr\/wp-content\/uploads\/2024\/03\/DSC_0013-300x200.jpg 300w, https:\/\/unmondeplusbeau.fr\/wp-content\/uploads\/2024\/03\/DSC_0013-1024x682.jpg 1024w, https:\/\/unmondeplusbeau.fr\/wp-content\/uploads\/2024\/03\/DSC_0013-768x512.jpg 768w, https:\/\/unmondeplusbeau.fr\/wp-content\/uploads\/2024\/03\/DSC_0013-1536x1024.jpg 1536w, https:\/\/unmondeplusbeau.fr\/wp-content\/uploads\/2024\/03\/DSC_0013-600x400.jpg 600w\" sizes=\"auto, (max-width: 2000px) 100vw, 2000px\" \/><div class=\"wp-block-cover__inner-container is-layout-flow wp-block-cover-is-layout-flow\">\n<p class=\"has-text-align-left has-tertiary-color has-text-color has-link-color has-large-font-size wp-elements-5edc1a14175c1ed2a4a5a67199cc110f\">Option Personnalisation<\/p>\n\n\n\n<div class=\"wp-block-buttons is-layout-flex wp-block-buttons-is-layout-flex\">\n<div class=\"wp-block-button\"><a class=\"wp-block-button__link wp-element-button\" href=\"https:\/\/unmondeplusbeau.fr\/?product=pochette-soignant-personnalisable\">5 \u20ac<\/a><\/div>\n<\/div>\n<\/div><\/div>\n<\/div>\n\n\n\n<div class=\"wp-block-column is-layout-flow wp-block-column-is-layout-flow\">\n<div class=\"wp-block-cover has-custom-content-position is-position-bottom-left\"><span aria-hidden=\"true\" class=\"wp-block-cover__background has-background-dim\"><\/span><img loading=\"lazy\" decoding=\"async\" width=\"1024\" height=\"682\" class=\"wp-block-cover__image-background wp-image-495\" alt=\"\" src=\"https:\/\/unmondeplusbeau.fr\/wp-content\/uploads\/2024\/02\/DSC_0011-1024x682.jpg\" data-object-fit=\"cover\" srcset=\"https:\/\/unmondeplusbeau.fr\/wp-content\/uploads\/2024\/02\/DSC_0011-1024x682.jpg 1024w, https:\/\/unmondeplusbeau.fr\/wp-content\/uploads\/2024\/02\/DSC_0011-300x200.jpg 300w, https:\/\/unmondeplusbeau.fr\/wp-content\/uploads\/2024\/02\/DSC_0011-768x512.jpg 768w, https:\/\/unmondeplusbeau.fr\/wp-content\/uploads\/2024\/02\/DSC_0011-1536x1024.jpg 1536w, https:\/\/unmondeplusbeau.fr\/wp-content\/uploads\/2024\/02\/DSC_0011-600x400.jpg 600w, https:\/\/unmondeplusbeau.fr\/wp-content\/uploads\/2024\/02\/DSC_0011.jpg 2000w\" sizes=\"auto, (max-width: 1024px) 100vw, 1024px\" \/><div class=\"wp-block-cover__inner-container is-layout-flow wp-block-cover-is-layout-flow\">\n<p class=\"has-text-align-left has-large-font-size\">Pochette soignant Lila<\/p>\n\n\n\n<div class=\"wp-block-buttons is-layout-flex wp-block-buttons-is-layout-flex\">\n<div class=\"wp-block-button\"><a class=\"wp-block-button__link wp-element-button\" href=\"https:\/\/unmondeplusbeau.fr\/?product=pochette-soignant-lila\">17  \u20ac<\/a><\/div>\n<\/div>\n<\/div><\/div>\n<\/div>\n<\/div>\n\n\n\n<div class=\"wp-block-columns is-layout-flex wp-container-core-columns-is-layout-28f84493 wp-block-columns-is-layout-flex\">\n<div class=\"wp-block-column is-layout-flow wp-block-column-is-layout-flow\">\n<div class=\"wp-block-cover has-custom-content-position is-position-bottom-left\"><span aria-hidden=\"true\" class=\"wp-block-cover__background has-background-dim\"><\/span><img loading=\"lazy\" decoding=\"async\" width=\"1024\" height=\"682\" class=\"wp-block-cover__image-background wp-image-497\" alt=\"\" src=\"https:\/\/unmondeplusbeau.fr\/wp-content\/uploads\/2024\/02\/DSC_0016-1024x682.jpg\" data-object-fit=\"cover\" srcset=\"https:\/\/unmondeplusbeau.fr\/wp-content\/uploads\/2024\/02\/DSC_0016-1024x682.jpg 1024w, https:\/\/unmondeplusbeau.fr\/wp-content\/uploads\/2024\/02\/DSC_0016-300x200.jpg 300w, https:\/\/unmondeplusbeau.fr\/wp-content\/uploads\/2024\/02\/DSC_0016-768x512.jpg 768w, https:\/\/unmondeplusbeau.fr\/wp-content\/uploads\/2024\/02\/DSC_0016-1536x1024.jpg 1536w, https:\/\/unmondeplusbeau.fr\/wp-content\/uploads\/2024\/02\/DSC_0016-600x400.jpg 600w, https:\/\/unmondeplusbeau.fr\/wp-content\/uploads\/2024\/02\/DSC_0016.jpg 2000w\" sizes=\"auto, (max-width: 1024px) 100vw, 1024px\" \/><div class=\"wp-block-cover__inner-container is-layout-flow wp-block-cover-is-layout-flow\">\n<p class=\"has-text-align-left has-large-font-size\">Pochette soignant Cotta<\/p>\n\n\n\n<div class=\"wp-block-buttons is-layout-flex wp-block-buttons-is-layout-flex\">\n<div class=\"wp-block-button\"><a class=\"wp-block-button__link wp-element-button\" href=\"https:\/\/unmondeplusbeau.fr\/?product=pochette-soignant-cotta\">17  \u20ac<\/a><\/div>\n<\/div>\n<\/div><\/div>\n<\/div>\n\n\n\n<div class=\"wp-block-column is-layout-flow wp-block-column-is-layout-flow\">\n<div class=\"wp-block-cover has-custom-content-position is-position-bottom-left\"><span aria-hidden=\"true\" class=\"wp-block-cover__background has-background-dim\"><\/span><img loading=\"lazy\" decoding=\"async\" width=\"1024\" height=\"682\" class=\"wp-block-cover__image-background wp-image-498\" alt=\"\" src=\"https:\/\/unmondeplusbeau.fr\/wp-content\/uploads\/2024\/02\/DSC_0017-1024x682.jpg\" data-object-fit=\"cover\" srcset=\"https:\/\/unmondeplusbeau.fr\/wp-content\/uploads\/2024\/02\/DSC_0017-1024x682.jpg 1024w, https:\/\/unmondeplusbeau.fr\/wp-content\/uploads\/2024\/02\/DSC_0017-300x200.jpg 300w, https:\/\/unmondeplusbeau.fr\/wp-content\/uploads\/2024\/02\/DSC_0017-768x512.jpg 768w, https:\/\/unmondeplusbeau.fr\/wp-content\/uploads\/2024\/02\/DSC_0017-1536x1024.jpg 1536w, https:\/\/unmondeplusbeau.fr\/wp-content\/uploads\/2024\/02\/DSC_0017-600x400.jpg 600w, https:\/\/unmondeplusbeau.fr\/wp-content\/uploads\/2024\/02\/DSC_0017.jpg 2000w\" sizes=\"auto, (max-width: 1024px) 100vw, 1024px\" \/><div class=\"wp-block-cover__inner-container is-layout-flow wp-block-cover-is-layout-flow\">\n<p class=\"has-text-align-left has-large-font-size\">Pochette soignant Automne Rose<\/p>\n\n\n\n<div class=\"wp-block-buttons is-layout-flex wp-block-buttons-is-layout-flex\">\n<div class=\"wp-block-button\"><a class=\"wp-block-button__link wp-element-button\" href=\"https:\/\/unmondeplusbeau.fr\/?product=pochette-soignant-automne-rose\">17  \u20ac<\/a><\/div>\n<\/div>\n<\/div><\/div>\n<\/div>\n<\/div>\n\n\n\n<div class=\"wp-block-columns is-layout-flex wp-container-core-columns-is-layout-28f84493 wp-block-columns-is-layout-flex\">\n<div class=\"wp-block-column is-layout-flow wp-block-column-is-layout-flow\">\n<div class=\"wp-block-cover has-custom-content-position is-position-bottom-left\"><span aria-hidden=\"true\" class=\"wp-block-cover__background has-background-dim\"><\/span><img loading=\"lazy\" decoding=\"async\" width=\"1024\" height=\"682\" class=\"wp-block-cover__image-background wp-image-496\" alt=\"\" src=\"https:\/\/unmondeplusbeau.fr\/wp-content\/uploads\/2024\/02\/DSC_0015-1024x682.jpg\" data-object-fit=\"cover\" srcset=\"https:\/\/unmondeplusbeau.fr\/wp-content\/uploads\/2024\/02\/DSC_0015-1024x682.jpg 1024w, https:\/\/unmondeplusbeau.fr\/wp-content\/uploads\/2024\/02\/DSC_0015-300x200.jpg 300w, https:\/\/unmondeplusbeau.fr\/wp-content\/uploads\/2024\/02\/DSC_0015-768x512.jpg 768w, https:\/\/unmondeplusbeau.fr\/wp-content\/uploads\/2024\/02\/DSC_0015-1536x1024.jpg 1536w, https:\/\/unmondeplusbeau.fr\/wp-content\/uploads\/2024\/02\/DSC_0015-600x400.jpg 600w, https:\/\/unmondeplusbeau.fr\/wp-content\/uploads\/2024\/02\/DSC_0015.jpg 2000w\" sizes=\"auto, (max-width: 1024px) 100vw, 1024px\" \/><div class=\"wp-block-cover__inner-container is-layout-flow wp-block-cover-is-layout-flow\">\n<p class=\"has-text-align-left has-large-font-size\">Pochette soignant Tilleul<\/p>\n\n\n\n<div class=\"wp-block-buttons is-layout-flex wp-block-buttons-is-layout-flex\">\n<div class=\"wp-block-button\"><a class=\"wp-block-button__link wp-element-button\" href=\"https:\/\/unmondeplusbeau.fr\/?product=pochette-soignant-tilleul\">17  \u20ac<\/a><\/div>\n<\/div>\n<\/div><\/div>\n<\/div>\n\n\n\n<div class=\"wp-block-column is-layout-flow wp-block-column-is-layout-flow\">\n<div class=\"wp-block-cover has-custom-content-position is-position-bottom-left\"><span aria-hidden=\"true\" class=\"wp-block-cover__background has-background-dim\"><\/span><img loading=\"lazy\" decoding=\"async\" width=\"1024\" height=\"682\" class=\"wp-block-cover__image-background wp-image-494\" alt=\"\" src=\"https:\/\/unmondeplusbeau.fr\/wp-content\/uploads\/2024\/02\/DSC_0010-1024x682.jpg\" data-object-fit=\"cover\" srcset=\"https:\/\/unmondeplusbeau.fr\/wp-content\/uploads\/2024\/02\/DSC_0010-1024x682.jpg 1024w, https:\/\/unmondeplusbeau.fr\/wp-content\/uploads\/2024\/02\/DSC_0010-300x200.jpg 300w, https:\/\/unmondeplusbeau.fr\/wp-content\/uploads\/2024\/02\/DSC_0010-768x512.jpg 768w, https:\/\/unmondeplusbeau.fr\/wp-content\/uploads\/2024\/02\/DSC_0010-1536x1024.jpg 1536w, https:\/\/unmondeplusbeau.fr\/wp-content\/uploads\/2024\/02\/DSC_0010-600x400.jpg 600w, https:\/\/unmondeplusbeau.fr\/wp-content\/uploads\/2024\/02\/DSC_0010.jpg 2000w\" sizes=\"auto, (max-width: 1024px) 100vw, 1024px\" \/><div class=\"wp-block-cover__inner-container is-layout-flow wp-block-cover-is-layout-flow\">\n<p class=\"has-text-align-left has-large-font-size\">Pochette soignant Fleur Bleue<\/p>\n\n\n\n<div class=\"wp-block-buttons is-layout-flex wp-block-buttons-is-layout-flex\">\n<div class=\"wp-block-button\"><a class=\"wp-block-button__link wp-element-button\" href=\"https:\/\/unmondeplusbeau.fr\/?product=pochette-soignant-fleur-bleue\">17  \u20ac<\/a><\/div>\n<\/div>\n<\/div><\/div>\n<\/div>\n<\/div>\n\n\n\n<div class=\"wp-block-columns is-layout-flex wp-container-core-columns-is-layout-28f84493 wp-block-columns-is-layout-flex\">\n<div class=\"wp-block-column is-layout-flow wp-block-column-is-layout-flow\">\n<div class=\"wp-block-cover has-custom-content-position is-position-bottom-left\"><span aria-hidden=\"true\" class=\"wp-block-cover__background has-background-dim\"><\/span><img loading=\"lazy\" decoding=\"async\" width=\"1024\" height=\"682\" class=\"wp-block-cover__image-background wp-image-487\" alt=\"\" src=\"https:\/\/unmondeplusbeau.fr\/wp-content\/uploads\/2024\/02\/DSC_0020-1024x682.jpg\" data-object-fit=\"cover\" srcset=\"https:\/\/unmondeplusbeau.fr\/wp-content\/uploads\/2024\/02\/DSC_0020-1024x682.jpg 1024w, https:\/\/unmondeplusbeau.fr\/wp-content\/uploads\/2024\/02\/DSC_0020-300x200.jpg 300w, https:\/\/unmondeplusbeau.fr\/wp-content\/uploads\/2024\/02\/DSC_0020-768x512.jpg 768w, https:\/\/unmondeplusbeau.fr\/wp-content\/uploads\/2024\/02\/DSC_0020-1536x1024.jpg 1536w, https:\/\/unmondeplusbeau.fr\/wp-content\/uploads\/2024\/02\/DSC_0020-600x400.jpg 600w, https:\/\/unmondeplusbeau.fr\/wp-content\/uploads\/2024\/02\/DSC_0020.jpg 2000w\" sizes=\"auto, (max-width: 1024px) 100vw, 1024px\" \/><div class=\"wp-block-cover__inner-container is-layout-flow wp-block-cover-is-layout-flow\">\n<p class=\"has-text-align-left has-large-font-size\">Pochette soignant XL Lila<\/p>\n\n\n\n<div class=\"wp-block-buttons is-layout-flex wp-block-buttons-is-layout-flex\">\n<div class=\"wp-block-button\"><a class=\"wp-block-button__link wp-element-button\" href=\"https:\/\/unmondeplusbeau.fr\/?product=pochette-soignant-xl-lila\">20 \u20ac<\/a><\/div>\n<\/div>\n<\/div><\/div>\n<\/div>\n\n\n\n<div class=\"wp-block-column is-layout-flow wp-block-column-is-layout-flow\">\n<div class=\"wp-block-cover has-custom-content-position is-position-bottom-left\"><span aria-hidden=\"true\" class=\"wp-block-cover__background has-background-dim\"><\/span><img loading=\"lazy\" decoding=\"async\" width=\"1024\" height=\"682\" class=\"wp-block-cover__image-background wp-image-516\" alt=\"\" src=\"https:\/\/unmondeplusbeau.fr\/wp-content\/uploads\/2024\/03\/DSC_0013-1024x682.jpg\" data-object-fit=\"cover\" srcset=\"https:\/\/unmondeplusbeau.fr\/wp-content\/uploads\/2024\/03\/DSC_0013-1024x682.jpg 1024w, https:\/\/unmondeplusbeau.fr\/wp-content\/uploads\/2024\/03\/DSC_0013-300x200.jpg 300w, https:\/\/unmondeplusbeau.fr\/wp-content\/uploads\/2024\/03\/DSC_0013-768x512.jpg 768w, https:\/\/unmondeplusbeau.fr\/wp-content\/uploads\/2024\/03\/DSC_0013-1536x1024.jpg 1536w, https:\/\/unmondeplusbeau.fr\/wp-content\/uploads\/2024\/03\/DSC_0013-600x400.jpg 600w, https:\/\/unmondeplusbeau.fr\/wp-content\/uploads\/2024\/03\/DSC_0013.jpg 2000w\" sizes=\"auto, (max-width: 1024px) 100vw, 1024px\" \/><div class=\"wp-block-cover__inner-container is-layout-flow wp-block-cover-is-layout-flow\">\n<p class=\"has-text-align-left has-large-font-size\">Pochette soignant XL Ciel<\/p>\n\n\n\n<div class=\"wp-block-buttons is-layout-flex wp-block-buttons-is-layout-flex\">\n<div class=\"wp-block-button\"><a class=\"wp-block-button__link wp-element-button\" href=\"https:\/\/unmondeplusbeau.fr\/?product=pochette-soignant-xl-ciel\">20 \u20ac<\/a><\/div>\n<\/div>\n<\/div><\/div>\n<\/div>\n<\/div>\n","protected":false},"excerpt":{"rendered":"<p>Choisissez un mod\u00e8le avec une association de tissu d\u00e9j\u00e0 \u00e9tablie ou composer la votre avec la pochette soignant personnalisable. Une version plus grande existe : la pochette soignant XL. Pour ajouter un texte personnalis\u00e9 \u00e0 votre produit, compl\u00e9tez votre commande avec l&rsquo;option personnalisation.<\/p>\n","protected":false},"author":2,"featured_media":0,"parent":0,"menu_order":0,"comment_status":"closed","ping_status":"closed","template":"","meta":{"footnotes":""},"class_list":["post-424","page","type-page","status-publish","hentry"],"jetpack_sharing_enabled":true,"_links":{"self":[{"href":"https:\/\/unmondeplusbeau.fr\/index.php?rest_route=\/wp\/v2\/pages\/424","targetHints":{"allow":["GET"]}}],"collection":[{"href":"https:\/\/unmondeplusbeau.fr\/index.php?rest_route=\/wp\/v2\/pages"}],"about":[{"href":"https:\/\/unmondeplusbeau.fr\/index.php?rest_route=\/wp\/v2\/types\/page"}],"author":[{"embeddable":true,"href":"https:\/\/unmondeplusbeau.fr\/index.php?rest_route=\/wp\/v2\/users\/2"}],"replies":[{"embeddable":true,"href":"https:\/\/unmondeplusbeau.fr\/index.php?rest_route=%2Fwp%2Fv2%2Fcomments&post=424"}],"version-history":[{"count":8,"href":"https:\/\/unmondeplusbeau.fr\/index.php?rest_route=\/wp\/v2\/pages\/424\/revisions"}],"predecessor-version":[{"id":724,"href":"https:\/\/unmondeplusbeau.fr\/index.php?rest_route=\/wp\/v2\/pages\/424\/revisions\/724"}],"wp:attachment":[{"href":"https:\/\/unmondeplusbeau.fr\/index.php?rest_route=%2Fwp%2Fv2%2Fmedia&parent=424"}],"curies":[{"name":"wp","href":"https:\/\/api.w.org\/{rel}","templated":true}]}}