{"id":467,"date":"2024-03-03T07:28:56","date_gmt":"2024-03-03T07:28:56","guid":{"rendered":"https:\/\/unmondeplusbeau.fr\/?page_id=467"},"modified":"2024-03-17T13:02:16","modified_gmt":"2024-03-17T13:02:16","slug":"les-trousses","status":"publish","type":"page","link":"https:\/\/unmondeplusbeau.fr\/?page_id=467","title":{"rendered":"Les Pochettes"},"content":{"rendered":"\n<p>Choisissez un mod\u00e8le avec une association de tissu d\u00e9j\u00e0 \u00e9tablie ou composer la votre avec la pochette personnalisable. Pour ajouter un texte personnalis\u00e9 \u00e0 votre produit, compl\u00e9tez votre commande avec l&rsquo;option personnalisation. <\/p>\n\n\n\n<div class=\"wp-block-columns is-layout-flex wp-container-core-columns-is-layout-28f84493 wp-block-columns-is-layout-flex\">\n<div class=\"wp-block-column is-layout-flow wp-block-column-is-layout-flow\">\n<div class=\"wp-block-cover has-custom-content-position is-position-bottom-left\"><span aria-hidden=\"true\" class=\"wp-block-cover__background has-background-dim\"><\/span><img loading=\"lazy\" decoding=\"async\" width=\"2000\" height=\"1333\" class=\"wp-block-cover__image-background wp-image-656\" alt=\"\" src=\"https:\/\/unmondeplusbeau.fr\/wp-content\/uploads\/2024\/03\/DSC_0016-2.jpg\" data-object-fit=\"cover\" srcset=\"https:\/\/unmondeplusbeau.fr\/wp-content\/uploads\/2024\/03\/DSC_0016-2.jpg 2000w, https:\/\/unmondeplusbeau.fr\/wp-content\/uploads\/2024\/03\/DSC_0016-2-300x200.jpg 300w, https:\/\/unmondeplusbeau.fr\/wp-content\/uploads\/2024\/03\/DSC_0016-2-1024x682.jpg 1024w, https:\/\/unmondeplusbeau.fr\/wp-content\/uploads\/2024\/03\/DSC_0016-2-768x512.jpg 768w, https:\/\/unmondeplusbeau.fr\/wp-content\/uploads\/2024\/03\/DSC_0016-2-1536x1024.jpg 1536w, https:\/\/unmondeplusbeau.fr\/wp-content\/uploads\/2024\/03\/DSC_0016-2-600x400.jpg 600w\" sizes=\"auto, (max-width: 2000px) 100vw, 2000px\" \/><div class=\"wp-block-cover__inner-container is-layout-flow wp-block-cover-is-layout-flow\">\n<p class=\"has-text-align-left has-large-font-size\">La pochette personnalisable<\/p>\n\n\n\n<div class=\"wp-block-buttons is-layout-flex wp-block-buttons-is-layout-flex\">\n<div class=\"wp-block-button\"><a class=\"wp-block-button__link wp-element-button\" href=\"https:\/\/unmondeplusbeau.fr\/?product=pochette-personnalisable\">12,5 \u20ac<\/a><\/div>\n<\/div>\n<\/div><\/div>\n<\/div>\n\n\n\n<div class=\"wp-block-column is-layout-flow wp-block-column-is-layout-flow\">\n<div class=\"wp-block-cover has-custom-content-position is-position-bottom-left\"><span aria-hidden=\"true\" class=\"wp-block-cover__background has-background-dim\"><\/span><img loading=\"lazy\" decoding=\"async\" width=\"2000\" height=\"1333\" class=\"wp-block-cover__image-background wp-image-660\" alt=\"\" src=\"https:\/\/unmondeplusbeau.fr\/wp-content\/uploads\/2024\/03\/DSC_0015-2.jpg\" data-object-fit=\"cover\" srcset=\"https:\/\/unmondeplusbeau.fr\/wp-content\/uploads\/2024\/03\/DSC_0015-2.jpg 2000w, https:\/\/unmondeplusbeau.fr\/wp-content\/uploads\/2024\/03\/DSC_0015-2-300x200.jpg 300w, https:\/\/unmondeplusbeau.fr\/wp-content\/uploads\/2024\/03\/DSC_0015-2-1024x682.jpg 1024w, https:\/\/unmondeplusbeau.fr\/wp-content\/uploads\/2024\/03\/DSC_0015-2-768x512.jpg 768w, https:\/\/unmondeplusbeau.fr\/wp-content\/uploads\/2024\/03\/DSC_0015-2-1536x1024.jpg 1536w, https:\/\/unmondeplusbeau.fr\/wp-content\/uploads\/2024\/03\/DSC_0015-2-600x400.jpg 600w\" sizes=\"auto, (max-width: 2000px) 100vw, 2000px\" \/><div class=\"wp-block-cover__inner-container is-layout-flow wp-block-cover-is-layout-flow\">\n<p class=\"has-text-align-left has-large-font-size\">La pochette Dame de c\u0153ur<\/p>\n\n\n\n<div class=\"wp-block-buttons is-layout-flex wp-block-buttons-is-layout-flex\">\n<div class=\"wp-block-button\"><a class=\"wp-block-button__link wp-element-button\" href=\"https:\/\/unmondeplusbeau.fr\/?product=pochette-dame-de-coeur\">12,5 \u20ac<\/a><\/div>\n<\/div>\n<\/div><\/div>\n<\/div>\n<\/div>\n\n\n\n<div class=\"wp-block-columns is-layout-flex wp-container-core-columns-is-layout-28f84493 wp-block-columns-is-layout-flex\">\n<div class=\"wp-block-column is-layout-flow wp-block-column-is-layout-flow\">\n<div class=\"wp-block-cover has-custom-content-position is-position-bottom-left\"><span aria-hidden=\"true\" class=\"wp-block-cover__background has-background-dim\"><\/span><img loading=\"lazy\" decoding=\"async\" width=\"2000\" height=\"1333\" class=\"wp-block-cover__image-background wp-image-659\" alt=\"\" src=\"https:\/\/unmondeplusbeau.fr\/wp-content\/uploads\/2024\/03\/DSC_0012-2.jpg\" data-object-fit=\"cover\" srcset=\"https:\/\/unmondeplusbeau.fr\/wp-content\/uploads\/2024\/03\/DSC_0012-2.jpg 2000w, https:\/\/unmondeplusbeau.fr\/wp-content\/uploads\/2024\/03\/DSC_0012-2-300x200.jpg 300w, https:\/\/unmondeplusbeau.fr\/wp-content\/uploads\/2024\/03\/DSC_0012-2-1024x682.jpg 1024w, https:\/\/unmondeplusbeau.fr\/wp-content\/uploads\/2024\/03\/DSC_0012-2-768x512.jpg 768w, https:\/\/unmondeplusbeau.fr\/wp-content\/uploads\/2024\/03\/DSC_0012-2-1536x1024.jpg 1536w, https:\/\/unmondeplusbeau.fr\/wp-content\/uploads\/2024\/03\/DSC_0012-2-600x400.jpg 600w\" sizes=\"auto, (max-width: 2000px) 100vw, 2000px\" \/><div class=\"wp-block-cover__inner-container is-layout-flow wp-block-cover-is-layout-flow\">\n<p class=\"has-text-align-left has-large-font-size\">La pochette Vichy taupe<\/p>\n\n\n\n<div class=\"wp-block-buttons is-layout-flex wp-block-buttons-is-layout-flex\">\n<div class=\"wp-block-button\"><a class=\"wp-block-button__link wp-element-button\" href=\"https:\/\/unmondeplusbeau.fr\/?product=pochette-vichy-taupe\">12,5 \u20ac<\/a><\/div>\n<\/div>\n<\/div><\/div>\n<\/div>\n\n\n\n<div class=\"wp-block-column is-layout-flow wp-block-column-is-layout-flow\">\n<div class=\"wp-block-cover has-custom-content-position is-position-bottom-left\"><span aria-hidden=\"true\" class=\"wp-block-cover__background has-background-dim\"><\/span><img loading=\"lazy\" decoding=\"async\" width=\"2000\" height=\"1333\" class=\"wp-block-cover__image-background wp-image-658\" alt=\"\" src=\"https:\/\/unmondeplusbeau.fr\/wp-content\/uploads\/2024\/03\/DSC_0010-2.jpg\" data-object-fit=\"cover\" srcset=\"https:\/\/unmondeplusbeau.fr\/wp-content\/uploads\/2024\/03\/DSC_0010-2.jpg 2000w, https:\/\/unmondeplusbeau.fr\/wp-content\/uploads\/2024\/03\/DSC_0010-2-300x200.jpg 300w, https:\/\/unmondeplusbeau.fr\/wp-content\/uploads\/2024\/03\/DSC_0010-2-1024x682.jpg 1024w, https:\/\/unmondeplusbeau.fr\/wp-content\/uploads\/2024\/03\/DSC_0010-2-768x512.jpg 768w, https:\/\/unmondeplusbeau.fr\/wp-content\/uploads\/2024\/03\/DSC_0010-2-1536x1024.jpg 1536w, https:\/\/unmondeplusbeau.fr\/wp-content\/uploads\/2024\/03\/DSC_0010-2-600x400.jpg 600w\" sizes=\"auto, (max-width: 2000px) 100vw, 2000px\" \/><div class=\"wp-block-cover__inner-container is-layout-flow wp-block-cover-is-layout-flow\">\n<p class=\"has-text-align-left has-large-font-size\">La pochette GRRR<\/p>\n\n\n\n<div class=\"wp-block-buttons is-layout-flex wp-block-buttons-is-layout-flex\">\n<div class=\"wp-block-button\"><a class=\"wp-block-button__link wp-element-button\" href=\"https:\/\/unmondeplusbeau.fr\/?product=pochette-grrrr\">12,5 \u20ac<\/a><\/div>\n<\/div>\n<\/div><\/div>\n<\/div>\n<\/div>\n\n\n\n<div class=\"wp-block-columns is-layout-flex wp-container-core-columns-is-layout-28f84493 wp-block-columns-is-layout-flex\">\n<div class=\"wp-block-column is-layout-flow wp-block-column-is-layout-flow\">\n<div class=\"wp-block-cover has-custom-content-position is-position-bottom-left\"><span aria-hidden=\"true\" class=\"wp-block-cover__background has-background-dim\"><\/span><img loading=\"lazy\" decoding=\"async\" width=\"2000\" height=\"1333\" class=\"wp-block-cover__image-background wp-image-657\" alt=\"\" src=\"https:\/\/unmondeplusbeau.fr\/wp-content\/uploads\/2024\/03\/DSC_0008-2.jpg\" data-object-fit=\"cover\" srcset=\"https:\/\/unmondeplusbeau.fr\/wp-content\/uploads\/2024\/03\/DSC_0008-2.jpg 2000w, https:\/\/unmondeplusbeau.fr\/wp-content\/uploads\/2024\/03\/DSC_0008-2-300x200.jpg 300w, https:\/\/unmondeplusbeau.fr\/wp-content\/uploads\/2024\/03\/DSC_0008-2-1024x682.jpg 1024w, https:\/\/unmondeplusbeau.fr\/wp-content\/uploads\/2024\/03\/DSC_0008-2-768x512.jpg 768w, https:\/\/unmondeplusbeau.fr\/wp-content\/uploads\/2024\/03\/DSC_0008-2-1536x1024.jpg 1536w, https:\/\/unmondeplusbeau.fr\/wp-content\/uploads\/2024\/03\/DSC_0008-2-600x400.jpg 600w\" sizes=\"auto, (max-width: 2000px) 100vw, 2000px\" \/><div class=\"wp-block-cover__inner-container is-layout-flow wp-block-cover-is-layout-flow\">\n<p class=\"has-text-align-left has-large-font-size\">La pochette vichy bleu<\/p>\n\n\n\n<div class=\"wp-block-buttons is-layout-flex wp-block-buttons-is-layout-flex\">\n<div class=\"wp-block-button\"><a class=\"wp-block-button__link wp-element-button\" href=\"https:\/\/unmondeplusbeau.fr\/?product=pochette-vichy-bleu\">12,5 \u20ac<\/a><\/div>\n<\/div>\n<\/div><\/div>\n<\/div>\n\n\n\n<div class=\"wp-block-column is-layout-flow wp-block-column-is-layout-flow\">\n<div class=\"wp-block-cover has-custom-content-position is-position-bottom-left\"><span aria-hidden=\"true\" class=\"wp-block-cover__background has-background-dim\"><\/span><img loading=\"lazy\" decoding=\"async\" width=\"1024\" height=\"682\" class=\"wp-block-cover__image-background wp-image-515\" alt=\"\" src=\"https:\/\/unmondeplusbeau.fr\/wp-content\/uploads\/2024\/02\/DSC_0050-1024x682.jpg\" data-object-fit=\"cover\" srcset=\"https:\/\/unmondeplusbeau.fr\/wp-content\/uploads\/2024\/02\/DSC_0050-1024x682.jpg 1024w, https:\/\/unmondeplusbeau.fr\/wp-content\/uploads\/2024\/02\/DSC_0050-300x200.jpg 300w, https:\/\/unmondeplusbeau.fr\/wp-content\/uploads\/2024\/02\/DSC_0050-768x512.jpg 768w, https:\/\/unmondeplusbeau.fr\/wp-content\/uploads\/2024\/02\/DSC_0050-1536x1024.jpg 1536w, https:\/\/unmondeplusbeau.fr\/wp-content\/uploads\/2024\/02\/DSC_0050-600x400.jpg 600w, https:\/\/unmondeplusbeau.fr\/wp-content\/uploads\/2024\/02\/DSC_0050.jpg 2000w\" sizes=\"auto, (max-width: 1024px) 100vw, 1024px\" \/><div class=\"wp-block-cover__inner-container is-layout-flow wp-block-cover-is-layout-flow\">\n<p class=\"has-text-align-left has-large-font-size\">L&rsquo;option personnalisation<\/p>\n\n\n\n<div class=\"wp-block-buttons is-layout-flex wp-block-buttons-is-layout-flex\">\n<div class=\"wp-block-button\"><a class=\"wp-block-button__link wp-element-button\" href=\"https:\/\/unmondeplusbeau.fr\/?product=pochette-soignant-personnalisable\">5 \u20ac<\/a><\/div>\n<\/div>\n<\/div><\/div>\n<\/div>\n<\/div>\n","protected":false},"excerpt":{"rendered":"<p>Choisissez un mod\u00e8le avec une association de tissu d\u00e9j\u00e0 \u00e9tablie ou composer la votre avec la pochette personnalisable. Pour ajouter un texte personnalis\u00e9 \u00e0 votre produit, compl\u00e9tez votre commande avec l&rsquo;option personnalisation.<\/p>\n","protected":false},"author":2,"featured_media":0,"parent":0,"menu_order":0,"comment_status":"closed","ping_status":"closed","template":"","meta":{"footnotes":""},"class_list":["post-467","page","type-page","status-publish","hentry"],"jetpack_sharing_enabled":true,"_links":{"self":[{"href":"https:\/\/unmondeplusbeau.fr\/index.php?rest_route=\/wp\/v2\/pages\/467","targetHints":{"allow":["GET"]}}],"collection":[{"href":"https:\/\/unmondeplusbeau.fr\/index.php?rest_route=\/wp\/v2\/pages"}],"about":[{"href":"https:\/\/unmondeplusbeau.fr\/index.php?rest_route=\/wp\/v2\/types\/page"}],"author":[{"embeddable":true,"href":"https:\/\/unmondeplusbeau.fr\/index.php?rest_route=\/wp\/v2\/users\/2"}],"replies":[{"embeddable":true,"href":"https:\/\/unmondeplusbeau.fr\/index.php?rest_route=%2Fwp%2Fv2%2Fcomments&post=467"}],"version-history":[{"count":4,"href":"https:\/\/unmondeplusbeau.fr\/index.php?rest_route=\/wp\/v2\/pages\/467\/revisions"}],"predecessor-version":[{"id":744,"href":"https:\/\/unmondeplusbeau.fr\/index.php?rest_route=\/wp\/v2\/pages\/467\/revisions\/744"}],"wp:attachment":[{"href":"https:\/\/unmondeplusbeau.fr\/index.php?rest_route=%2Fwp%2Fv2%2Fmedia&parent=467"}],"curies":[{"name":"wp","href":"https:\/\/api.w.org\/{rel}","templated":true}]}}