{"id":778,"date":"2024-04-03T17:50:44","date_gmt":"2024-04-03T17:50:44","guid":{"rendered":"https:\/\/unmondeplusbeau.fr\/?page_id=778"},"modified":"2024-04-03T17:50:44","modified_gmt":"2024-04-03T17:50:44","slug":"a-propos","status":"publish","type":"page","link":"https:\/\/unmondeplusbeau.fr\/?page_id=778","title":{"rendered":"A propos"},"content":{"rendered":"<p>Je m&rsquo;appelle Sandy, je suis la cr\u00e9atrice qui se cache derri\u00e8re les articles Un monde plus beau. J&rsquo;ai 37 ans, et cela fait 10 ans que j&rsquo;ai commenc\u00e9 la couture. Au tout d\u00e9but, c&rsquo;\u00e9tait un passe temps qui a tr\u00e8s vite pris beaucoup de place dans ma vie. Et fur et \u00e0 mesure du temps, j&rsquo;ai commenc\u00e9 \u00e0 envisager d&rsquo;en faire une activit\u00e9 secondaire  (je suis esth\u00e9ticienne).<\/p><p>Etant maman de 2 enfants, j&rsquo;essaie de leur inculquer le respect du monde dans lequel nous vivons : pr\u00e9server la nature, ne pas polluer, \u00e9viter de gaspiller&#8230; Je suis partie d&rsquo;un constat simple : le meilleur moyen de les informer est de leur montrer l&rsquo;exemple. C&rsquo;est ainsi que j&rsquo;ai commenc\u00e9 \u00e0 coudre les essuie tout lavable pour remplacer le papier absorbant. Puis, j&rsquo;ai continu\u00e9 avec les lingettes d\u00e9maquillantes et toute la famille c&rsquo;est tr\u00e8s bien pr\u00eat\u00e9e au jeu.<\/p><p>Un monde plus beau est n\u00e9 de cette envie de changer notre mani\u00e8re de consommer du jetable, et de mon amour pour la couture. Si vous aussi vous avez envie de changer vos habitudes, je vous propose des produits z\u00e9ro d\u00e9chets, lavables et utilisables pour toute la famille. Ils sont confectionn\u00e9s par moi m\u00eame dans mon atelier en Bretagne, \u00e0 c\u00f4t\u00e9 de Saint Malo. Les tissus que j&rsquo;utilise dans la boutique sont s\u00e9lectionn\u00e9s avec soin dans une optique z\u00e9ro d\u00e9chets. Puisqu&rsquo;ils sont en contact avec votre peau, je choisis les mati\u00e8res les plus saines et \u00e9cologiques possibles.<\/p><p>Allez vous tentez l&rsquo;aventure du z\u00e9ro d\u00e9chet?<\/p>","protected":false},"excerpt":{"rendered":"<p>Je m&rsquo;appelle Sandy, je suis la cr\u00e9atrice qui se cache derri\u00e8re les articles Un monde plus beau. J&rsquo;ai 37 ans, et cela fait 10 ans que j&rsquo;ai commenc\u00e9 la couture. Au tout d\u00e9but, c&rsquo;\u00e9tait un passe temps qui a tr\u00e8s vite pris beaucoup de place dans ma vie. Et fur et \u00e0 mesure du temps, [&hellip;]<\/p>\n","protected":false},"author":2,"featured_media":0,"parent":0,"menu_order":0,"comment_status":"closed","ping_status":"closed","template":"","meta":{"footnotes":""},"class_list":["post-778","page","type-page","status-publish","hentry"],"jetpack_sharing_enabled":true,"_links":{"self":[{"href":"https:\/\/unmondeplusbeau.fr\/index.php?rest_route=\/wp\/v2\/pages\/778","targetHints":{"allow":["GET"]}}],"collection":[{"href":"https:\/\/unmondeplusbeau.fr\/index.php?rest_route=\/wp\/v2\/pages"}],"about":[{"href":"https:\/\/unmondeplusbeau.fr\/index.php?rest_route=\/wp\/v2\/types\/page"}],"author":[{"embeddable":true,"href":"https:\/\/unmondeplusbeau.fr\/index.php?rest_route=\/wp\/v2\/users\/2"}],"replies":[{"embeddable":true,"href":"https:\/\/unmondeplusbeau.fr\/index.php?rest_route=%2Fwp%2Fv2%2Fcomments&post=778"}],"version-history":[{"count":1,"href":"https:\/\/unmondeplusbeau.fr\/index.php?rest_route=\/wp\/v2\/pages\/778\/revisions"}],"predecessor-version":[{"id":779,"href":"https:\/\/unmondeplusbeau.fr\/index.php?rest_route=\/wp\/v2\/pages\/778\/revisions\/779"}],"wp:attachment":[{"href":"https:\/\/unmondeplusbeau.fr\/index.php?rest_route=%2Fwp%2Fv2%2Fmedia&parent=778"}],"curies":[{"name":"wp","href":"https:\/\/api.w.org\/{rel}","templated":true}]}}