{"id":226,"date":"2024-02-18T21:31:39","date_gmt":"2024-02-18T21:31:39","guid":{"rendered":"https:\/\/unmondeplusbeau.fr\/?post_type=product&#038;p=226"},"modified":"2024-03-10T12:42:48","modified_gmt":"2024-03-10T12:42:48","slug":"pochette-soignant-personnalisable-copie","status":"publish","type":"product","link":"https:\/\/unmondeplusbeau.fr\/?product=pochette-soignant-personnalisable-copie","title":{"rendered":"Pochette soignant personnalisable"},"content":{"rendered":"<p>Cr\u00e9ez une pochette adapt\u00e9e \u00e0 votre activit\u00e9 professionnelle. Vous pourrez facilement ranger \u00e0 l&rsquo;int\u00e9rieur : stylos, crayons, ciseaux &#8230; Finis les stylos qui tombent de vos poches d\u00e8s que vous vous penchez gr\u00e2ce \u00e0 son rabat aimant\u00e9. Elle est enti\u00e8rement lavable, et comporte plusieurs emplacements pour vous faciliter la vie. Personnalisez le rabat avec l&rsquo;inscription de votre choix en suppl\u00e9ment pour apporter un peu de pep&rsquo;s \u00e0 vos tenues professionnelles.<\/p>\n","protected":false},"excerpt":{"rendered":"<p>Cr\u00e9ez une pochette adapt\u00e9e \u00e0 votre activit\u00e9 professionnelle. Pour cela, visitez la<a href=\"https:\/\/unmondeplusbeau.fr\/?page_id=20\"> tissuth\u00e8que<\/a> et choisissez <strong>un tissu \u00e0 motif<\/strong> et <strong>un tissu en simili cuir<\/strong>. Indiquez moi ensuite leurs noms dans les champs ci dessous.<\/p>\n<p>Pour personnaliser votre pochette, ajoutez en suppl\u00e9ment un article personnalisation. Vous pourrez alors indiquer le texte sur le rabat.<\/p>\n<div id=\"mciapp-exclusion-container\"><\/div>\n<p>&nbsp;<\/p>\n","protected":false},"featured_media":493,"template":"","meta":[],"product_brand":[],"product_cat":[19],"product_tag":[22,21,20],"class_list":{"0":"post-226","1":"product","2":"type-product","3":"status-publish","4":"has-post-thumbnail","6":"product_cat-pochette-soignant","7":"product_tag-personnalisable","8":"product_tag-pochette","9":"product_tag-soignant","11":"first","12":"instock","13":"featured","14":"taxable","15":"shipping-taxable","16":"purchasable","17":"product-type-simple"},"jetpack_sharing_enabled":true,"_links":{"self":[{"href":"https:\/\/unmondeplusbeau.fr\/index.php?rest_route=\/wp\/v2\/product\/226","targetHints":{"allow":["GET"]}}],"collection":[{"href":"https:\/\/unmondeplusbeau.fr\/index.php?rest_route=\/wp\/v2\/product"}],"about":[{"href":"https:\/\/unmondeplusbeau.fr\/index.php?rest_route=\/wp\/v2\/types\/product"}],"wp:featuredmedia":[{"embeddable":true,"href":"https:\/\/unmondeplusbeau.fr\/index.php?rest_route=\/wp\/v2\/media\/493"}],"wp:attachment":[{"href":"https:\/\/unmondeplusbeau.fr\/index.php?rest_route=%2Fwp%2Fv2%2Fmedia&parent=226"}],"wp:term":[{"taxonomy":"product_brand","embeddable":true,"href":"https:\/\/unmondeplusbeau.fr\/index.php?rest_route=%2Fwp%2Fv2%2Fproduct_brand&post=226"},{"taxonomy":"product_cat","embeddable":true,"href":"https:\/\/unmondeplusbeau.fr\/index.php?rest_route=%2Fwp%2Fv2%2Fproduct_cat&post=226"},{"taxonomy":"product_tag","embeddable":true,"href":"https:\/\/unmondeplusbeau.fr\/index.php?rest_route=%2Fwp%2Fv2%2Fproduct_tag&post=226"}],"curies":[{"name":"wp","href":"https:\/\/api.w.org\/{rel}","templated":true}]}}