{"id":264,"date":"2024-03-13T17:08:00","date_gmt":"2024-03-13T17:08:00","guid":{"rendered":"https:\/\/unmondeplusbeau.fr\/?post_type=product&#038;p=264"},"modified":"2024-03-13T17:08:00","modified_gmt":"2024-03-13T17:08:00","slug":"trousse-de-toilette-a-personnaliser","status":"publish","type":"product","link":"https:\/\/unmondeplusbeau.fr\/?product=trousse-de-toilette-a-personnaliser","title":{"rendered":"Trousse de toilette \u00e0 personnaliser"},"content":{"rendered":"<p>Que diriez vous d&rsquo;avoir une trousse de toilette \u00e9l\u00e9gante assortie \u00e0 votre valise pour partir en vacances? Ou bien une trousse \u00e0 maquillage plus grande pour mettre tous vos tr\u00e9sors&#8230; Elle est suffisamment grande pour apporter tout votre n\u00e9cessaire en voyage et suffisamment petite pour ne pas qu&rsquo;elle prenne trop de place dans votre valise. Que ce soit en cadeau ou pour soi, amusez vous en choississant le tissu, il sera matelass\u00e9 pour un plus beau rendu.<\/p>\n","protected":false},"excerpt":{"rendered":"<p>Une trousse \u00e0 votre image, ca vous tente? Choisissez un tissu \u00e0 motif dans la selection de <a href=\"https:\/\/unmondeplusbeau.fr\/?page_id=20\">la tissuth\u00e8que<\/a> pour le tissu ext\u00e9rieur du produit et un tissu uni pour l&rsquo;int\u00e9rieur. La personnalisation de cet article est possible en ajoutant un article suppl\u00e9mentaire comme option \u00e0 ce produit et choisissez votre texte.<\/p>\n","protected":false},"featured_media":644,"template":"","meta":[],"product_brand":[],"product_cat":[25],"product_tag":[21,27,26],"class_list":{"0":"post-264","1":"product","2":"type-product","3":"status-publish","4":"has-post-thumbnail","6":"product_cat-trousse-de-toilette","7":"product_tag-pochette","8":"product_tag-toilette","9":"product_tag-trousse","11":"first","12":"instock","13":"taxable","14":"shipping-taxable","15":"purchasable","16":"product-type-simple"},"jetpack_sharing_enabled":true,"_links":{"self":[{"href":"https:\/\/unmondeplusbeau.fr\/index.php?rest_route=\/wp\/v2\/product\/264","targetHints":{"allow":["GET"]}}],"collection":[{"href":"https:\/\/unmondeplusbeau.fr\/index.php?rest_route=\/wp\/v2\/product"}],"about":[{"href":"https:\/\/unmondeplusbeau.fr\/index.php?rest_route=\/wp\/v2\/types\/product"}],"wp:featuredmedia":[{"embeddable":true,"href":"https:\/\/unmondeplusbeau.fr\/index.php?rest_route=\/wp\/v2\/media\/644"}],"wp:attachment":[{"href":"https:\/\/unmondeplusbeau.fr\/index.php?rest_route=%2Fwp%2Fv2%2Fmedia&parent=264"}],"wp:term":[{"taxonomy":"product_brand","embeddable":true,"href":"https:\/\/unmondeplusbeau.fr\/index.php?rest_route=%2Fwp%2Fv2%2Fproduct_brand&post=264"},{"taxonomy":"product_cat","embeddable":true,"href":"https:\/\/unmondeplusbeau.fr\/index.php?rest_route=%2Fwp%2Fv2%2Fproduct_cat&post=264"},{"taxonomy":"product_tag","embeddable":true,"href":"https:\/\/unmondeplusbeau.fr\/index.php?rest_route=%2Fwp%2Fv2%2Fproduct_tag&post=264"}],"curies":[{"name":"wp","href":"https:\/\/api.w.org\/{rel}","templated":true}]}}