{"id":265,"date":"2024-03-13T17:26:00","date_gmt":"2024-03-13T17:26:00","guid":{"rendered":"https:\/\/unmondeplusbeau.fr\/?post_type=product&#038;p=265"},"modified":"2024-03-13T17:27:23","modified_gmt":"2024-03-13T17:27:23","slug":"trousse-de-toilette-toile-de-jouy","status":"publish","type":"product","link":"https:\/\/unmondeplusbeau.fr\/?product=trousse-de-toilette-toile-de-jouy","title":{"rendered":"Trousse de toilette Toile de Jouy"},"content":{"rendered":"<p>Ambiance belle \u00e9poque avec cette jolie trousse de toilette revenue d&rsquo;un autre temps. Ce tissu embl\u00e9matique se fond parfaitement dans une jolie salle de bain et apportera une touche de d\u00e9coration en plus d&rsquo;\u00eatre pratique.<\/p>\n<p>Elle est \u00e9tudi\u00e9e pour avoir la taille id\u00e9ale : suffisamment grande pour apporter tout votre n\u00e9cessaire de toilette en voyage, et suffisamment petite pour ne pas qu&rsquo;elle prenne trop de place dans votre valise. Allez vous l&rsquo;utiliser comme trousse de toilette \u00e9l\u00e9gante, assortie \u00e0 votre valise ? Ou comme trousse \u00e0 maquillage, pour y mettre tous vos tr\u00e9sors ?<\/p>\n<p>Le tissu est matelass\u00e9 pour donner une meilleure tenue \u00e0 la trousse. L&rsquo;int\u00e9rieur est enti\u00e8rement doubl\u00e9 dans un tissu uni et cr\u00e8me. Cette trousse est facile d&rsquo;entretien, car enti\u00e8rement lavable en machine.<\/p>\n","protected":false},"excerpt":{"rendered":"<p>Trousse lavable r\u00e9alis\u00e9e en tissu motif Toile de Jouy pour donner un c\u00f4t\u00e9 vintage \u00e0 votre salle de bain.<\/p>\n<p>Pour personnaliser ce produit, ajouter un produit compl\u00e9mentaire :\u00a0 <strong>l&rsquo;Option personnalisation<\/strong> et choisissez votre texte.<\/p>\n","protected":false},"featured_media":645,"template":"","meta":[],"product_brand":[],"product_cat":[25],"product_tag":[],"class_list":{"0":"post-265","1":"product","2":"type-product","3":"status-publish","4":"has-post-thumbnail","6":"product_cat-trousse-de-toilette","8":"first","9":"instock","10":"taxable","11":"shipping-taxable","12":"purchasable","13":"product-type-simple"},"jetpack_sharing_enabled":true,"_links":{"self":[{"href":"https:\/\/unmondeplusbeau.fr\/index.php?rest_route=\/wp\/v2\/product\/265","targetHints":{"allow":["GET"]}}],"collection":[{"href":"https:\/\/unmondeplusbeau.fr\/index.php?rest_route=\/wp\/v2\/product"}],"about":[{"href":"https:\/\/unmondeplusbeau.fr\/index.php?rest_route=\/wp\/v2\/types\/product"}],"wp:featuredmedia":[{"embeddable":true,"href":"https:\/\/unmondeplusbeau.fr\/index.php?rest_route=\/wp\/v2\/media\/645"}],"wp:attachment":[{"href":"https:\/\/unmondeplusbeau.fr\/index.php?rest_route=%2Fwp%2Fv2%2Fmedia&parent=265"}],"wp:term":[{"taxonomy":"product_brand","embeddable":true,"href":"https:\/\/unmondeplusbeau.fr\/index.php?rest_route=%2Fwp%2Fv2%2Fproduct_brand&post=265"},{"taxonomy":"product_cat","embeddable":true,"href":"https:\/\/unmondeplusbeau.fr\/index.php?rest_route=%2Fwp%2Fv2%2Fproduct_cat&post=265"},{"taxonomy":"product_tag","embeddable":true,"href":"https:\/\/unmondeplusbeau.fr\/index.php?rest_route=%2Fwp%2Fv2%2Fproduct_tag&post=265"}],"curies":[{"name":"wp","href":"https:\/\/api.w.org\/{rel}","templated":true}]}}