{"id":266,"date":"2024-02-19T17:40:40","date_gmt":"2024-02-19T17:40:40","guid":{"rendered":"https:\/\/unmondeplusbeau.fr\/?post_type=product&#038;p=266"},"modified":"2024-03-13T17:13:07","modified_gmt":"2024-03-13T17:13:07","slug":"trousse-de-toilette-dame-de-coeur","status":"publish","type":"product","link":"https:\/\/unmondeplusbeau.fr\/?product=trousse-de-toilette-dame-de-coeur","title":{"rendered":"Trousse de toilette Dame de coeur"},"content":{"rendered":"<p>Un peu d&rsquo;amour et de tendresse, une bonne dose de petits c\u0153urs avec cette jolie trousse de toilette. Le tissu id\u00e9al pour montrer \u00e0 la personne que vous adorez \u00e0 quel point elle est sp\u00e9ciale. Ou bien un cadeau \u00e0 s&rsquo;offrir \u00e0 soi-m\u00eame pour mettre un peu de c\u0153urs dans sa salle de bain.<\/p>\n<p>Elle est \u00e9tudi\u00e9e pour avoir la taille id\u00e9ale : suffisamment grande pour apporter tout votre n\u00e9cessaire de toilette en voyage, et suffisamment petite pour ne pas qu&rsquo;elle prenne trop de place dans votre valise. Allez vous l&rsquo;utiliser comme trousse de toilette \u00e9l\u00e9gante, assortie \u00e0 votre valise ou comme trousse \u00e0 maquillage, pour y mettre tous vos tr\u00e9sors ?<\/p>\n<p>Le tissu est matelass\u00e9 pour donner une meilleure tenue \u00e0 la trousse. L&rsquo;int\u00e9rieur est enti\u00e8rement doubl\u00e9 dans un tissu uni et cr\u00e8me. Cette trousse est facile d&rsquo;entretien, car enti\u00e8rement lavable en machine.<\/p>\n","protected":false},"excerpt":{"rendered":"<p>Trousse lavable r\u00e9alis\u00e9e en tissu \u00e0 motif coeurs pour donner un c\u00f4t\u00e9 girly \u00e0 votre salle de bain.<\/p>\n<p>Pour personnaliser ce produit, ajouter un produit compl\u00e9mentaire : <strong>l&rsquo;Option personnalisation<\/strong> et choisissez votre le texte.<\/p>\n","protected":false},"featured_media":642,"template":"","meta":[],"product_brand":[],"product_cat":[25],"product_tag":[],"class_list":{"0":"post-266","1":"product","2":"type-product","3":"status-publish","4":"has-post-thumbnail","6":"product_cat-trousse-de-toilette","8":"first","9":"instock","10":"taxable","11":"shipping-taxable","12":"purchasable","13":"product-type-simple"},"jetpack_sharing_enabled":true,"_links":{"self":[{"href":"https:\/\/unmondeplusbeau.fr\/index.php?rest_route=\/wp\/v2\/product\/266","targetHints":{"allow":["GET"]}}],"collection":[{"href":"https:\/\/unmondeplusbeau.fr\/index.php?rest_route=\/wp\/v2\/product"}],"about":[{"href":"https:\/\/unmondeplusbeau.fr\/index.php?rest_route=\/wp\/v2\/types\/product"}],"wp:featuredmedia":[{"embeddable":true,"href":"https:\/\/unmondeplusbeau.fr\/index.php?rest_route=\/wp\/v2\/media\/642"}],"wp:attachment":[{"href":"https:\/\/unmondeplusbeau.fr\/index.php?rest_route=%2Fwp%2Fv2%2Fmedia&parent=266"}],"wp:term":[{"taxonomy":"product_brand","embeddable":true,"href":"https:\/\/unmondeplusbeau.fr\/index.php?rest_route=%2Fwp%2Fv2%2Fproduct_brand&post=266"},{"taxonomy":"product_cat","embeddable":true,"href":"https:\/\/unmondeplusbeau.fr\/index.php?rest_route=%2Fwp%2Fv2%2Fproduct_cat&post=266"},{"taxonomy":"product_tag","embeddable":true,"href":"https:\/\/unmondeplusbeau.fr\/index.php?rest_route=%2Fwp%2Fv2%2Fproduct_tag&post=266"}],"curies":[{"name":"wp","href":"https:\/\/api.w.org\/{rel}","templated":true}]}}