{"id":267,"date":"2024-02-19T21:57:40","date_gmt":"2024-02-19T21:57:40","guid":{"rendered":"https:\/\/unmondeplusbeau.fr\/?post_type=product&#038;p=267"},"modified":"2024-03-13T17:33:49","modified_gmt":"2024-03-13T17:33:49","slug":"trousse-de-toilette-prairie-mint","status":"publish","type":"product","link":"https:\/\/unmondeplusbeau.fr\/?product=trousse-de-toilette-prairie-mint","title":{"rendered":"Trousse de toilette Prairie Mint"},"content":{"rendered":"<p>Laissez-vous s\u00e9duire par cette jolie trousse de toilette au look boh\u00e8me. Son tissu \u00e0 motif rappelle une prairie fleurie avec ses couleurs pastel. Ajoutez un peu de douceur dans votre salle de bain.<\/p>\n<p>Elle est \u00e9tudi\u00e9e pour avoir la taille id\u00e9ale : suffisamment grande pour apporter tout votre n\u00e9cessaire de toilette en voyage, et suffisamment petite pour ne pas qu&rsquo;elle prenne trop de place dans votre valise. Allez vous l&rsquo;utiliser comme trousse de toilette \u00e9l\u00e9gante, assortie \u00e0 votre valise ? Ou comme trousse \u00e0 maquillage, pour y mettre tous vos tr\u00e9sors ?<\/p>\n<p>Le tissu est matelass\u00e9 pour donner une meilleure tenue \u00e0 la trousse. L&rsquo;int\u00e9rieur est enti\u00e8rement doubl\u00e9 dans un tissu uni et cr\u00e8me. Cette trousse est facile d&rsquo;entretien, car enti\u00e8rement lavable en machine.<\/p>\n","protected":false},"excerpt":{"rendered":"<p>Trousse lavable r\u00e9alis\u00e9e en tissu \u00e0 motif prairie pour donner un c\u00f4t\u00e9 boh\u00e8me \u00e0 votre salle de bain.<\/p>\n<p>Pour personnaliser ce produit, ajouter un produit compl\u00e9mentaire : <strong>l&rsquo;Option personnalisation<\/strong> et choisissez votre le texte.<\/p>\n","protected":false},"featured_media":641,"template":"","meta":[],"product_brand":[],"product_cat":[25],"product_tag":[22,27,26],"class_list":{"0":"post-267","1":"product","2":"type-product","3":"status-publish","4":"has-post-thumbnail","6":"product_cat-trousse-de-toilette","7":"product_tag-personnalisable","8":"product_tag-toilette","9":"product_tag-trousse","11":"first","12":"instock","13":"taxable","14":"shipping-taxable","15":"purchasable","16":"product-type-simple"},"jetpack_sharing_enabled":true,"_links":{"self":[{"href":"https:\/\/unmondeplusbeau.fr\/index.php?rest_route=\/wp\/v2\/product\/267","targetHints":{"allow":["GET"]}}],"collection":[{"href":"https:\/\/unmondeplusbeau.fr\/index.php?rest_route=\/wp\/v2\/product"}],"about":[{"href":"https:\/\/unmondeplusbeau.fr\/index.php?rest_route=\/wp\/v2\/types\/product"}],"wp:featuredmedia":[{"embeddable":true,"href":"https:\/\/unmondeplusbeau.fr\/index.php?rest_route=\/wp\/v2\/media\/641"}],"wp:attachment":[{"href":"https:\/\/unmondeplusbeau.fr\/index.php?rest_route=%2Fwp%2Fv2%2Fmedia&parent=267"}],"wp:term":[{"taxonomy":"product_brand","embeddable":true,"href":"https:\/\/unmondeplusbeau.fr\/index.php?rest_route=%2Fwp%2Fv2%2Fproduct_brand&post=267"},{"taxonomy":"product_cat","embeddable":true,"href":"https:\/\/unmondeplusbeau.fr\/index.php?rest_route=%2Fwp%2Fv2%2Fproduct_cat&post=267"},{"taxonomy":"product_tag","embeddable":true,"href":"https:\/\/unmondeplusbeau.fr\/index.php?rest_route=%2Fwp%2Fv2%2Fproduct_tag&post=267"}],"curies":[{"name":"wp","href":"https:\/\/api.w.org\/{rel}","templated":true}]}}