{"id":279,"date":"2024-02-20T15:55:55","date_gmt":"2024-02-20T15:55:55","guid":{"rendered":"https:\/\/unmondeplusbeau.fr\/?post_type=product&#038;p=279"},"modified":"2024-03-13T16:10:39","modified_gmt":"2024-03-13T16:10:39","slug":"lingettes-demaquillantes-green-power","status":"publish","type":"product","link":"https:\/\/unmondeplusbeau.fr\/?product=lingettes-demaquillantes-green-power","title":{"rendered":"Lingettes d\u00e9maquillantes green power"},"content":{"rendered":"<p>Fini les disques cotons jetables, les lingettes d\u00e9maquillantes lavables c\u2019est l\u2019avenir. Ecologique, \u00e9conomique et ultra doux, vous ne pourrez plus vous en passer.<\/p>\n<p>Que ce soit pour d\u00e9maquiller maman, d\u00e9barbouiller les enfants ou bien nettoyer le change des b\u00e9b\u00e9s, ces lingettes deviendront vite un indispensable pour toute la famille.<\/p>\n<p>Je vous propose un lot de 10 lingettes pour avoir un roulement confortable. Chaque lot comporte 3 types de motifs diff\u00e9rents : cot\u00e9 pile, c&rsquo;est le tissu en coton, et c\u00f4t\u00e9 face, de l&rsquo;\u00e9ponge bambou toute douce pour la peau.<\/p>\n<p>&nbsp;<\/p>\n","protected":false},"excerpt":{"rendered":"<p>Que ce soit pour d\u00e9maquiller maman, d\u00e9barbouiller les enfants ou bien nettoyer le change des b\u00e9b\u00e9s, ces lingettes deviendront vite un indispensable pour toute la famille.<\/p>\n<p>Lot de 10 lingettes lavables r\u00e9alis\u00e9es avec des tissus pr\u00e9d\u00e9finis, adapt\u00e9s au contact de la peau des plus sensibles. La personnalisation n&rsquo;est pas possible sur ce produit.<\/p>\n<p>&nbsp;<\/p>\n","protected":false},"featured_media":622,"template":"","meta":[],"product_brand":[],"product_cat":[31],"product_tag":[29,28,30],"class_list":{"0":"post-279","1":"product","2":"type-product","3":"status-publish","4":"has-post-thumbnail","6":"product_cat-lingettes-demaquillantes","7":"product_tag-demaquillantes","8":"product_tag-lingettes","9":"product_tag-lot","11":"first","12":"instock","13":"taxable","14":"shipping-taxable","15":"purchasable","16":"product-type-simple"},"jetpack_sharing_enabled":true,"_links":{"self":[{"href":"https:\/\/unmondeplusbeau.fr\/index.php?rest_route=\/wp\/v2\/product\/279","targetHints":{"allow":["GET"]}}],"collection":[{"href":"https:\/\/unmondeplusbeau.fr\/index.php?rest_route=\/wp\/v2\/product"}],"about":[{"href":"https:\/\/unmondeplusbeau.fr\/index.php?rest_route=\/wp\/v2\/types\/product"}],"wp:featuredmedia":[{"embeddable":true,"href":"https:\/\/unmondeplusbeau.fr\/index.php?rest_route=\/wp\/v2\/media\/622"}],"wp:attachment":[{"href":"https:\/\/unmondeplusbeau.fr\/index.php?rest_route=%2Fwp%2Fv2%2Fmedia&parent=279"}],"wp:term":[{"taxonomy":"product_brand","embeddable":true,"href":"https:\/\/unmondeplusbeau.fr\/index.php?rest_route=%2Fwp%2Fv2%2Fproduct_brand&post=279"},{"taxonomy":"product_cat","embeddable":true,"href":"https:\/\/unmondeplusbeau.fr\/index.php?rest_route=%2Fwp%2Fv2%2Fproduct_cat&post=279"},{"taxonomy":"product_tag","embeddable":true,"href":"https:\/\/unmondeplusbeau.fr\/index.php?rest_route=%2Fwp%2Fv2%2Fproduct_tag&post=279"}],"curies":[{"name":"wp","href":"https:\/\/api.w.org\/{rel}","templated":true}]}}