{"id":282,"date":"2024-03-13T16:39:45","date_gmt":"2024-03-13T16:39:45","guid":{"rendered":"https:\/\/unmondeplusbeau.fr\/?post_type=product&#038;p=282"},"modified":"2024-03-13T16:39:45","modified_gmt":"2024-03-13T16:39:45","slug":"porte-savon-coquillage","status":"publish","type":"product","link":"https:\/\/unmondeplusbeau.fr\/?product=porte-savon-coquillage","title":{"rendered":"Porte savon coquillage"},"content":{"rendered":"<p>Envie d\u2019un porte savon trop mignon, \u00e9colo et lavable ? Celui-ci est fait pour vous. Son petit plus ? Sa forme en coquillage tr\u00e8s tendance en fait un bel objet de d\u00e9co.<\/p>\n<p>Il est double face : le dessus est en tissu enduit pour \u00e9viter que le savon reste coll\u00e9, le dessous est en \u00e9ponge pour absorber l&rsquo;eau stagnante.<\/p>\n","protected":false},"excerpt":{"rendered":"<p>Envie d\u2019un porte savon trop mignon, \u00e9colo et lavable ? Celui-ci est fait pour vous. Son petit plus ? Sa forme en coquillage tr\u00e8s tendance en fait un bel objet de d\u00e9co.<\/p>\n<p>Il est double face : le dessus est en tissu enduit pour \u00e9viter que le savon reste coll\u00e9, le dessous est en \u00e9ponge pour absorber l&rsquo;eau stagnante.<\/p>\n","protected":false},"featured_media":283,"template":"","meta":[],"product_brand":[],"product_cat":[32],"product_tag":[33],"class_list":{"0":"post-282","1":"product","2":"type-product","3":"status-publish","4":"has-post-thumbnail","6":"product_cat-porte-savon","7":"product_tag-porte-savon","9":"first","10":"instock","11":"taxable","12":"shipping-taxable","13":"purchasable","14":"product-type-simple"},"jetpack_sharing_enabled":true,"_links":{"self":[{"href":"https:\/\/unmondeplusbeau.fr\/index.php?rest_route=\/wp\/v2\/product\/282","targetHints":{"allow":["GET"]}}],"collection":[{"href":"https:\/\/unmondeplusbeau.fr\/index.php?rest_route=\/wp\/v2\/product"}],"about":[{"href":"https:\/\/unmondeplusbeau.fr\/index.php?rest_route=\/wp\/v2\/types\/product"}],"wp:featuredmedia":[{"embeddable":true,"href":"https:\/\/unmondeplusbeau.fr\/index.php?rest_route=\/wp\/v2\/media\/283"}],"wp:attachment":[{"href":"https:\/\/unmondeplusbeau.fr\/index.php?rest_route=%2Fwp%2Fv2%2Fmedia&parent=282"}],"wp:term":[{"taxonomy":"product_brand","embeddable":true,"href":"https:\/\/unmondeplusbeau.fr\/index.php?rest_route=%2Fwp%2Fv2%2Fproduct_brand&post=282"},{"taxonomy":"product_cat","embeddable":true,"href":"https:\/\/unmondeplusbeau.fr\/index.php?rest_route=%2Fwp%2Fv2%2Fproduct_cat&post=282"},{"taxonomy":"product_tag","embeddable":true,"href":"https:\/\/unmondeplusbeau.fr\/index.php?rest_route=%2Fwp%2Fv2%2Fproduct_tag&post=282"}],"curies":[{"name":"wp","href":"https:\/\/api.w.org\/{rel}","templated":true}]}}