{"id":308,"date":"2024-03-02T16:50:15","date_gmt":"2024-03-02T16:50:15","guid":{"rendered":"https:\/\/unmondeplusbeau.fr\/?post_type=product&#038;p=308"},"modified":"2024-03-10T21:05:50","modified_gmt":"2024-03-10T21:05:50","slug":"la-pochette-a-couverts-moutarde","status":"publish","type":"product","link":"https:\/\/unmondeplusbeau.fr\/?product=la-pochette-a-couverts-moutarde","title":{"rendered":"La pochette \u00e0 couverts moutarde"},"content":{"rendered":"<p>Si vous mangez sur votre lieu de travail et que vous apportez votre repas tous les midis, alors vous avez s\u00fbrement d\u00e9j\u00e0 rencontr\u00e9 cette probl\u00e9matique. O\u00f9 mettre mes couverts ? Dans un sac, ils finissent par l&rsquo;ab\u00eemer. J&rsquo;ai la solution pour vous : la pochette \u00e0 couvert.<\/p>\n<p>Elle est en tissu enti\u00e8rement lavable, ce qui est facile pour son entretien. Elle est pratique et pliable, le ruban sur le c\u00f4t\u00e9 permet de l&rsquo;attacher facilement pour prendre un minimum de place dans votre sac. Un essuie tout en tissu-\u00e9ponge est inclus pour remplacer la serviette jetable. Finis les d\u00e9chets, la planete vous en remerciera!<\/p>\n<p>Le produit est compos\u00e9 de 2 tissus : un coton \u00e0 motif pour l&rsquo;ext\u00e9rieur, et un coton uni pour l&rsquo;int\u00e9rieur. Chaque couvert \u00e0 son emplacement d\u00e9di\u00e9, y compris la serviette. Un rabat est m\u00eame inclus pour \u00e9viter l&rsquo;\u00e9vasion des couverts.<\/p>\n","protected":false},"excerpt":{"rendered":"<p>Rangez vos couverts dans une pochette pratique et lavable. La serviette est incluse dans le produit.<\/p>\n<p>Tissus : palmes moutarde, g\u00e9o moutarde, noir.<\/p>\n<p>Pour personnaliser ce produit, ajouter un produit compl\u00e9mentaire : <strong>l&rsquo;Option personnalisation<\/strong> et choisissez votre texte.<\/p>\n","protected":false},"featured_media":528,"template":"","meta":[],"product_brand":[],"product_cat":[37],"product_tag":[38,21,39],"class_list":{"0":"post-308","1":"product","2":"type-product","3":"status-publish","4":"has-post-thumbnail","6":"product_cat-pochette-a-couverts","7":"product_tag-couverts","8":"product_tag-pochette","9":"product_tag-repas","11":"first","12":"instock","13":"taxable","14":"shipping-taxable","15":"purchasable","16":"product-type-simple"},"jetpack_sharing_enabled":true,"_links":{"self":[{"href":"https:\/\/unmondeplusbeau.fr\/index.php?rest_route=\/wp\/v2\/product\/308","targetHints":{"allow":["GET"]}}],"collection":[{"href":"https:\/\/unmondeplusbeau.fr\/index.php?rest_route=\/wp\/v2\/product"}],"about":[{"href":"https:\/\/unmondeplusbeau.fr\/index.php?rest_route=\/wp\/v2\/types\/product"}],"wp:featuredmedia":[{"embeddable":true,"href":"https:\/\/unmondeplusbeau.fr\/index.php?rest_route=\/wp\/v2\/media\/528"}],"wp:attachment":[{"href":"https:\/\/unmondeplusbeau.fr\/index.php?rest_route=%2Fwp%2Fv2%2Fmedia&parent=308"}],"wp:term":[{"taxonomy":"product_brand","embeddable":true,"href":"https:\/\/unmondeplusbeau.fr\/index.php?rest_route=%2Fwp%2Fv2%2Fproduct_brand&post=308"},{"taxonomy":"product_cat","embeddable":true,"href":"https:\/\/unmondeplusbeau.fr\/index.php?rest_route=%2Fwp%2Fv2%2Fproduct_cat&post=308"},{"taxonomy":"product_tag","embeddable":true,"href":"https:\/\/unmondeplusbeau.fr\/index.php?rest_route=%2Fwp%2Fv2%2Fproduct_tag&post=308"}],"curies":[{"name":"wp","href":"https:\/\/api.w.org\/{rel}","templated":true}]}}