{"id":338,"date":"2024-03-10T21:41:31","date_gmt":"2024-03-10T21:41:31","guid":{"rendered":"https:\/\/unmondeplusbeau.fr\/?post_type=product&#038;p=338"},"modified":"2024-03-10T21:41:31","modified_gmt":"2024-03-10T21:41:31","slug":"protege-chequier-flower-vintage","status":"publish","type":"product","link":"https:\/\/unmondeplusbeau.fr\/?product=protege-chequier-flower-vintage","title":{"rendered":"Prot\u00e8ge ch\u00e9quier flower vintage"},"content":{"rendered":"<p>Plus envie de rougir quand vous sortez votre ch\u00e9quier tout ab\u00eem\u00e9 ? Ce prot\u00e8ge ch\u00e9quier va vous sauver la mise. Pratique, il conservera votre ch\u00e9quier en bon \u00e9tat malgr\u00e9 l\u2019organisation de votre sac \u00e0 main. Utile, vous pouvez aussi glisser 2 cartes bancaires \u00e0 l\u2019int\u00e9rieur pour regrouper vos moyens de paiement. Canon, quitte \u00e0 perdre de l\u2019argent, autant le faire avec classe. Son petit plus ? Sa composition 100% en tissu lui permet d\u2019\u00eatre lav\u00e9 facilement en machine. Fini les t\u00e2ches.<\/p>\n","protected":false},"excerpt":{"rendered":"<p>Prot\u00e8ge ch\u00e9quier r\u00e9alis\u00e9 avec des tissus pr\u00e9d\u00e9finis : flower vintage et framboise. En plus de contenir votre ch\u00e9quier, vous pouvez ajouter des cartes gr\u00e2ce aux 2 emplacements pr\u00e9vus sur le rabat.<\/p>\n<p>La personnalisation du produit est possible. Il s&rsquo;agit d&rsquo;un produit suppl\u00e9mentaire : l&rsquo;option personnalisation. Ajoutez la \u00e0 votre panier et ajoutez votre texte et la couleur de l&rsquo;\u00e9criture.<\/p>\n","protected":false},"featured_media":554,"template":"","meta":[],"product_brand":[],"product_cat":[46],"product_tag":[47,48],"class_list":{"0":"post-338","1":"product","2":"type-product","3":"status-publish","4":"has-post-thumbnail","6":"product_cat-protege-chequier","7":"product_tag-chequier","8":"product_tag-protege","10":"first","11":"instock","12":"taxable","13":"shipping-taxable","14":"purchasable","15":"product-type-simple"},"jetpack_sharing_enabled":true,"_links":{"self":[{"href":"https:\/\/unmondeplusbeau.fr\/index.php?rest_route=\/wp\/v2\/product\/338","targetHints":{"allow":["GET"]}}],"collection":[{"href":"https:\/\/unmondeplusbeau.fr\/index.php?rest_route=\/wp\/v2\/product"}],"about":[{"href":"https:\/\/unmondeplusbeau.fr\/index.php?rest_route=\/wp\/v2\/types\/product"}],"wp:featuredmedia":[{"embeddable":true,"href":"https:\/\/unmondeplusbeau.fr\/index.php?rest_route=\/wp\/v2\/media\/554"}],"wp:attachment":[{"href":"https:\/\/unmondeplusbeau.fr\/index.php?rest_route=%2Fwp%2Fv2%2Fmedia&parent=338"}],"wp:term":[{"taxonomy":"product_brand","embeddable":true,"href":"https:\/\/unmondeplusbeau.fr\/index.php?rest_route=%2Fwp%2Fv2%2Fproduct_brand&post=338"},{"taxonomy":"product_cat","embeddable":true,"href":"https:\/\/unmondeplusbeau.fr\/index.php?rest_route=%2Fwp%2Fv2%2Fproduct_cat&post=338"},{"taxonomy":"product_tag","embeddable":true,"href":"https:\/\/unmondeplusbeau.fr\/index.php?rest_route=%2Fwp%2Fv2%2Fproduct_tag&post=338"}],"curies":[{"name":"wp","href":"https:\/\/api.w.org\/{rel}","templated":true}]}}