{"id":391,"date":"2024-02-29T17:41:38","date_gmt":"2024-02-29T17:41:38","guid":{"rendered":"https:\/\/unmondeplusbeau.fr\/?post_type=product&#038;p=391"},"modified":"2024-03-03T07:33:54","modified_gmt":"2024-03-03T07:33:54","slug":"barrette-noeud-papillon","status":"publish","type":"product","link":"https:\/\/unmondeplusbeau.fr\/?product=barrette-noeud-papillon","title":{"rendered":"Barrette noeud papillon"},"content":{"rendered":"<p>Vous avez envie d&rsquo;ajouter un peu de fantaisie dans les coiffures de votre fille? Cette barrette est l&rsquo;article parfait pour cela :<\/p>\n<p>Petite et mignonne, elle ne prend pas beaucoup de place.<\/p>\n<p>Pratique, sa pince crocodile tient parfaitement en place.<\/p>\n<p>Tendance, choisissez le tissu<a href=\"https:\/\/unmondeplusbeau.fr\/?page_id=20\"> sur la page tissuth\u00e8que<\/a> pour composer des tenues assorties \u00e0 la coiffure de votre enfant.<\/p>\n<p>Un lot de 3 barrettes vous est \u00e9galement propos\u00e9 dans la boutique.<\/p>\n","protected":false},"excerpt":{"rendered":"<p>Cette jolie barette est r\u00e9alis\u00e9e main. Choisissez le tissu pour cr\u00e9er votre article personnalis\u00e9 et indiquez sa ref dans le champ pour passer commande. Des lots de 3 barrettes sont possibles.<\/p>\n","protected":false},"featured_media":392,"template":"","meta":[],"product_brand":[],"product_cat":[61],"product_tag":[54,58,56,55,57],"class_list":{"0":"post-391","1":"product","2":"type-product","3":"status-publish","4":"has-post-thumbnail","6":"product_cat-barrettes","7":"product_tag-barrette","8":"product_tag-cheveux","9":"product_tag-coiffure","10":"product_tag-noeud-papillon","11":"product_tag-pince","13":"first","14":"instock","15":"taxable","16":"shipping-taxable","17":"purchasable","18":"product-type-simple"},"jetpack_sharing_enabled":true,"_links":{"self":[{"href":"https:\/\/unmondeplusbeau.fr\/index.php?rest_route=\/wp\/v2\/product\/391","targetHints":{"allow":["GET"]}}],"collection":[{"href":"https:\/\/unmondeplusbeau.fr\/index.php?rest_route=\/wp\/v2\/product"}],"about":[{"href":"https:\/\/unmondeplusbeau.fr\/index.php?rest_route=\/wp\/v2\/types\/product"}],"wp:featuredmedia":[{"embeddable":true,"href":"https:\/\/unmondeplusbeau.fr\/index.php?rest_route=\/wp\/v2\/media\/392"}],"wp:attachment":[{"href":"https:\/\/unmondeplusbeau.fr\/index.php?rest_route=%2Fwp%2Fv2%2Fmedia&parent=391"}],"wp:term":[{"taxonomy":"product_brand","embeddable":true,"href":"https:\/\/unmondeplusbeau.fr\/index.php?rest_route=%2Fwp%2Fv2%2Fproduct_brand&post=391"},{"taxonomy":"product_cat","embeddable":true,"href":"https:\/\/unmondeplusbeau.fr\/index.php?rest_route=%2Fwp%2Fv2%2Fproduct_cat&post=391"},{"taxonomy":"product_tag","embeddable":true,"href":"https:\/\/unmondeplusbeau.fr\/index.php?rest_route=%2Fwp%2Fv2%2Fproduct_tag&post=391"}],"curies":[{"name":"wp","href":"https:\/\/api.w.org\/{rel}","templated":true}]}}