{"id":503,"date":"2024-03-10T13:15:41","date_gmt":"2024-03-10T13:15:41","guid":{"rendered":"https:\/\/unmondeplusbeau.fr\/?post_type=product&#038;p=503"},"modified":"2024-03-10T13:56:33","modified_gmt":"2024-03-10T13:56:33","slug":"pochette-soignant-cotta","status":"publish","type":"product","link":"https:\/\/unmondeplusbeau.fr\/?product=pochette-soignant-cotta","title":{"rendered":"Pochette soignant Cotta"},"content":{"rendered":"<p>Fini les crayons qui tombent de vos poches \u00e0 chaque fois que vous vous penchez. Cette pochette est con\u00e7ue pour \u00eatre pratique, r\u00e9sistante et facile d&rsquo;entretien.<\/p>\n<p>Le rabat est personnalisable en ajoutant l&rsquo;option personnalisation \u00e0 votre commande. Vous pourrez ainsi choisir le texte de votre choix (ex Aide soignante Lucie, ou Infirmi\u00e8re Pauline&#8230;) et la couleur de la personnalisation. La pochette se referme gr\u00e2ce \u00e0 un syst\u00e8me de fermeture aimant\u00e9e invisible, efficace au travers de la poche de votre blouse.<\/p>\n<p>Plusieurs compartiments se trouvent \u00e0 l&rsquo;int\u00e9rieur de la pochette, et un autre \u00e0 l&rsquo;arri\u00e8re, pour y ranger tout votre mat\u00e9riel : ciseaux, stylos, feutres et badges ne traineront plus dans le fond de vos poches.<\/p>\n<p>La pochette est compos\u00e9e de 2 types de tissus : un tissu en coton \u00e0 motif (le fleur cotta) et un simili cuir (le bronze). Ces 2 mati\u00e8res \u00e9tant lavables, vous pourrez facilement entretenir votre achat.<\/p>\n","protected":false},"excerpt":{"rendered":"<p>Enfin une pochette adapt\u00e9e \u00e0 votre activit\u00e9 professionnelle. Elle se glisse dans la poche de votre blouse et y reste gr\u00e2ce \u00e0 sa fermeture aimant\u00e9e. Personnalisez la en ajoutant l&rsquo;option personnalisation \u00e0 votre commande et indiquez moi le texte \u00e0 placer sur le rabat.<\/p>\n<p>&nbsp;<\/p>\n","protected":false},"featured_media":497,"template":"","meta":[],"product_brand":[],"product_cat":[19],"product_tag":[22,21,20],"class_list":{"0":"post-503","1":"product","2":"type-product","3":"status-publish","4":"has-post-thumbnail","6":"product_cat-pochette-soignant","7":"product_tag-personnalisable","8":"product_tag-pochette","9":"product_tag-soignant","11":"first","12":"instock","13":"featured","14":"taxable","15":"shipping-taxable","16":"purchasable","17":"product-type-simple"},"jetpack_sharing_enabled":true,"_links":{"self":[{"href":"https:\/\/unmondeplusbeau.fr\/index.php?rest_route=\/wp\/v2\/product\/503","targetHints":{"allow":["GET"]}}],"collection":[{"href":"https:\/\/unmondeplusbeau.fr\/index.php?rest_route=\/wp\/v2\/product"}],"about":[{"href":"https:\/\/unmondeplusbeau.fr\/index.php?rest_route=\/wp\/v2\/types\/product"}],"wp:featuredmedia":[{"embeddable":true,"href":"https:\/\/unmondeplusbeau.fr\/index.php?rest_route=\/wp\/v2\/media\/497"}],"wp:attachment":[{"href":"https:\/\/unmondeplusbeau.fr\/index.php?rest_route=%2Fwp%2Fv2%2Fmedia&parent=503"}],"wp:term":[{"taxonomy":"product_brand","embeddable":true,"href":"https:\/\/unmondeplusbeau.fr\/index.php?rest_route=%2Fwp%2Fv2%2Fproduct_brand&post=503"},{"taxonomy":"product_cat","embeddable":true,"href":"https:\/\/unmondeplusbeau.fr\/index.php?rest_route=%2Fwp%2Fv2%2Fproduct_cat&post=503"},{"taxonomy":"product_tag","embeddable":true,"href":"https:\/\/unmondeplusbeau.fr\/index.php?rest_route=%2Fwp%2Fv2%2Fproduct_tag&post=503"}],"curies":[{"name":"wp","href":"https:\/\/api.w.org\/{rel}","templated":true}]}}