{"id":616,"date":"2024-03-13T15:17:33","date_gmt":"2024-03-13T15:17:33","guid":{"rendered":"https:\/\/unmondeplusbeau.fr\/?post_type=product&#038;p=616"},"modified":"2024-03-13T15:23:02","modified_gmt":"2024-03-13T15:23:02","slug":"porte-cartes-fleurs-brune-copie","status":"publish","type":"product","link":"https:\/\/unmondeplusbeau.fr\/?product=porte-cartes-fleurs-brune-copie","title":{"rendered":"Porte cartes Fleurs ciel"},"content":{"rendered":"<p style=\"text-align: left;\">Avez-vous d\u00e9j\u00e0 remarqu\u00e9 la place qu&rsquo;occupent vos cartes de fid\u00e9lit\u00e9 dans un portefeuille ? Beaucoup. Pour rem\u00e9dier \u00e0 ce probl\u00e8me, voici un produit pratique qui prend tr\u00e8s peu de place dans le sac \u00e0 main. Ce porte-cartes dispose de 3 emplacements o\u00f9 placer cartes de fid\u00e9lit\u00e9, carte bancaire, carte d&rsquo;identit\u00e9, permis de conduire&#8230; Il peut aussi servir de porte-monnaie si vous le souhaitez.<\/p>\n<p>Faites le tri dans vos cartes, ne gardez que les essentielles et vous verrez que le reste tient parfaitement dans ce porte-cartes \u00e0 la taille parfaite. Il est ni trop petit, car avec ses 3 emplacements, on peut en mettre une bonne quantit\u00e9, ni trop grand, fini les gros portefeuilles qui alourdissent votre sac \u00e0 main.<\/p>\n","protected":false},"excerpt":{"rendered":"<p>Un porte cartes qui ne prendra pas beaucoup de place dans votre sac \u00e0 main. Il dispose de 3 emplacements pour ranger cartes de fid\u00e9lit\u00e9, papiers d&rsquo;identit\u00e9, monnaie&#8230; Ce produit est r\u00e9alis\u00e9 avec les tissus : Fleurs ciel et parme.<\/p>\n<p>L&rsquo;option personnalisation n&rsquo;est pas possible sur cet article.<\/p>\n","protected":false},"featured_media":574,"template":"","meta":[],"product_brand":[],"product_cat":[49],"product_tag":[51,53,50,52],"class_list":{"0":"post-616","1":"product","2":"type-product","3":"status-publish","4":"has-post-thumbnail","6":"product_cat-porte-carte","7":"product_tag-carte","8":"product_tag-carte-fidelite","9":"product_tag-porte-carte","10":"product_tag-porte-feuille","12":"first","13":"instock","14":"taxable","15":"shipping-taxable","16":"purchasable","17":"product-type-simple"},"jetpack_sharing_enabled":true,"_links":{"self":[{"href":"https:\/\/unmondeplusbeau.fr\/index.php?rest_route=\/wp\/v2\/product\/616","targetHints":{"allow":["GET"]}}],"collection":[{"href":"https:\/\/unmondeplusbeau.fr\/index.php?rest_route=\/wp\/v2\/product"}],"about":[{"href":"https:\/\/unmondeplusbeau.fr\/index.php?rest_route=\/wp\/v2\/types\/product"}],"wp:featuredmedia":[{"embeddable":true,"href":"https:\/\/unmondeplusbeau.fr\/index.php?rest_route=\/wp\/v2\/media\/574"}],"wp:attachment":[{"href":"https:\/\/unmondeplusbeau.fr\/index.php?rest_route=%2Fwp%2Fv2%2Fmedia&parent=616"}],"wp:term":[{"taxonomy":"product_brand","embeddable":true,"href":"https:\/\/unmondeplusbeau.fr\/index.php?rest_route=%2Fwp%2Fv2%2Fproduct_brand&post=616"},{"taxonomy":"product_cat","embeddable":true,"href":"https:\/\/unmondeplusbeau.fr\/index.php?rest_route=%2Fwp%2Fv2%2Fproduct_cat&post=616"},{"taxonomy":"product_tag","embeddable":true,"href":"https:\/\/unmondeplusbeau.fr\/index.php?rest_route=%2Fwp%2Fv2%2Fproduct_tag&post=616"}],"curies":[{"name":"wp","href":"https:\/\/api.w.org\/{rel}","templated":true}]}}