{"id":655,"date":"2024-03-13T21:32:44","date_gmt":"2024-03-13T21:32:44","guid":{"rendered":"https:\/\/unmondeplusbeau.fr\/?post_type=product&#038;p=655"},"modified":"2024-03-13T21:32:44","modified_gmt":"2024-03-13T21:32:44","slug":"pochette-personnalisable","status":"publish","type":"product","link":"https:\/\/unmondeplusbeau.fr\/?product=pochette-personnalisable","title":{"rendered":"Pochette personnalisable"},"content":{"rendered":"<p>Cette petite pochette vous servira \u00e0 garder sous la main vos tr\u00e9sors : maquillage, monnaie, papiers, jouets\u2026 De petite taille elle se glisse n&rsquo;importe o\u00f9.<\/p>\n<p>Le tissu \u00e0 motif est matelass\u00e9 pour assurer une meilleur tenue au produit, et lui donne un petit air original. L&rsquo;int\u00e9rieur est doubl\u00e9 avec un tissu uni. Cette pochette se referme gr\u00e2ce \u00e0 une fermeture \u00e9clair.<\/p>\n<p>Cr\u00e9ez votre pochette vous m\u00eame en s\u00e9lectionnant les tissus de votre choix dans <a href=\"https:\/\/unmondeplusbeau.fr\/?page_id=20\">la tissuth\u00e8que<\/a>. L&rsquo;option personnalisation est possible pour ajouter une petite touche de fantaisie qui plaira aux petits comme aux grands.<\/p>\n","protected":false},"excerpt":{"rendered":"<p>Cr\u00e9ez cette jolie pochette avec vos tissus coup de c\u0153ur. Choisissez un tissu \u00e0 motif et un tissu uni, et indiquez leur r\u00e9f\u00e9rences dans les champs ci dessous pour passer votre commande. Pour rendre votre pochette unique, personnalisez la en compl\u00e9tant votre commande avec l&rsquo;option personnalisation et ajoutez le texte de votre choix.<\/p>\n","protected":false},"featured_media":656,"template":"","meta":[],"product_brand":[],"product_cat":[74],"product_tag":[75,21,76,26,77],"class_list":{"0":"post-655","1":"product","2":"type-product","3":"status-publish","4":"has-post-thumbnail","6":"product_cat-pochette","7":"product_tag-maquillage","8":"product_tag-pochette","9":"product_tag-rangement","10":"product_tag-trousse","11":"product_tag-valise","13":"first","14":"instock","15":"taxable","16":"shipping-taxable","17":"purchasable","18":"product-type-simple"},"jetpack_sharing_enabled":true,"_links":{"self":[{"href":"https:\/\/unmondeplusbeau.fr\/index.php?rest_route=\/wp\/v2\/product\/655","targetHints":{"allow":["GET"]}}],"collection":[{"href":"https:\/\/unmondeplusbeau.fr\/index.php?rest_route=\/wp\/v2\/product"}],"about":[{"href":"https:\/\/unmondeplusbeau.fr\/index.php?rest_route=\/wp\/v2\/types\/product"}],"wp:featuredmedia":[{"embeddable":true,"href":"https:\/\/unmondeplusbeau.fr\/index.php?rest_route=\/wp\/v2\/media\/656"}],"wp:attachment":[{"href":"https:\/\/unmondeplusbeau.fr\/index.php?rest_route=%2Fwp%2Fv2%2Fmedia&parent=655"}],"wp:term":[{"taxonomy":"product_brand","embeddable":true,"href":"https:\/\/unmondeplusbeau.fr\/index.php?rest_route=%2Fwp%2Fv2%2Fproduct_brand&post=655"},{"taxonomy":"product_cat","embeddable":true,"href":"https:\/\/unmondeplusbeau.fr\/index.php?rest_route=%2Fwp%2Fv2%2Fproduct_cat&post=655"},{"taxonomy":"product_tag","embeddable":true,"href":"https:\/\/unmondeplusbeau.fr\/index.php?rest_route=%2Fwp%2Fv2%2Fproduct_tag&post=655"}],"curies":[{"name":"wp","href":"https:\/\/api.w.org\/{rel}","templated":true}]}}