{"id":694,"date":"2024-03-17T11:20:02","date_gmt":"2024-03-17T11:20:02","guid":{"rendered":"https:\/\/unmondeplusbeau.fr\/?post_type=product&#038;p=694"},"modified":"2024-03-17T11:56:56","modified_gmt":"2024-03-17T11:56:56","slug":"lot-dessuie-tout-jungle","status":"publish","type":"product","link":"https:\/\/unmondeplusbeau.fr\/?product=lot-dessuie-tout-jungle","title":{"rendered":"Lot d&rsquo;essuie-tout Jungle"},"content":{"rendered":"<p>Fini les papiers absorbants que l&rsquo;on jette une fois utilis\u00e9s. Je vous propose une autre alternative plus \u00e9cologique : l&rsquo;essuie-tout lavable.<\/p>\n<p>Il est \u00e9labor\u00e9 avec des tissus s\u00e9lectionn\u00e9s avec soin :<\/p>\n<ul>\n<li>un tissu en coton OEKO TEX. Il est exempt\u00e9 de produits chimiques lors de sa fabrication.<\/li>\n<li>un \u00e9ponge en bambou. Il est tr\u00e8s absorbant et a un touch\u00e9 infiniment doux.<\/li>\n<\/ul>\n<p>Chaque lot est compos\u00e9 de 5 essuie-tout. Ce lot est compos\u00e9 (pour les tissus \u00e0 motifs) : jungle, groseilles, g\u00e9o vert.<\/p>\n","protected":false},"excerpt":{"rendered":"<p>Fini le jetable, bonjour au lavable. Assortissez les essuie-tout \u00e0 la d\u00e9co de votre cuisine.<\/p>\n<p>Chaque lot est compos\u00e9 de 5 essuie-tout. Ce lot est compos\u00e9 (pour les tissus \u00e0 motifs) : jungle, groseilles, g\u00e9o vert.<\/p>\n<p>&nbsp;<\/p>\n","protected":false},"featured_media":680,"template":"","meta":[],"product_brand":[],"product_cat":[78],"product_tag":[79,43],"class_list":{"0":"post-694","1":"product","2":"type-product","3":"status-publish","4":"has-post-thumbnail","6":"product_cat-essuie-tout","7":"product_tag-essuie-tout","8":"product_tag-serviette","10":"first","11":"instock","12":"taxable","13":"shipping-taxable","14":"purchasable","15":"product-type-simple"},"jetpack_sharing_enabled":true,"_links":{"self":[{"href":"https:\/\/unmondeplusbeau.fr\/index.php?rest_route=\/wp\/v2\/product\/694","targetHints":{"allow":["GET"]}}],"collection":[{"href":"https:\/\/unmondeplusbeau.fr\/index.php?rest_route=\/wp\/v2\/product"}],"about":[{"href":"https:\/\/unmondeplusbeau.fr\/index.php?rest_route=\/wp\/v2\/types\/product"}],"wp:featuredmedia":[{"embeddable":true,"href":"https:\/\/unmondeplusbeau.fr\/index.php?rest_route=\/wp\/v2\/media\/680"}],"wp:attachment":[{"href":"https:\/\/unmondeplusbeau.fr\/index.php?rest_route=%2Fwp%2Fv2%2Fmedia&parent=694"}],"wp:term":[{"taxonomy":"product_brand","embeddable":true,"href":"https:\/\/unmondeplusbeau.fr\/index.php?rest_route=%2Fwp%2Fv2%2Fproduct_brand&post=694"},{"taxonomy":"product_cat","embeddable":true,"href":"https:\/\/unmondeplusbeau.fr\/index.php?rest_route=%2Fwp%2Fv2%2Fproduct_cat&post=694"},{"taxonomy":"product_tag","embeddable":true,"href":"https:\/\/unmondeplusbeau.fr\/index.php?rest_route=%2Fwp%2Fv2%2Fproduct_tag&post=694"}],"curies":[{"name":"wp","href":"https:\/\/api.w.org\/{rel}","templated":true}]}}