{"id":697,"date":"2024-03-17T11:27:57","date_gmt":"2024-03-17T11:27:57","guid":{"rendered":"https:\/\/unmondeplusbeau.fr\/?post_type=product&#038;p=697"},"modified":"2024-03-17T11:53:00","modified_gmt":"2024-03-17T11:53:00","slug":"protege-passeport","status":"publish","type":"product","link":"https:\/\/unmondeplusbeau.fr\/?product=protege-passeport","title":{"rendered":"Prot\u00e8ge passeport personnalisable"},"content":{"rendered":"<p>Je vous propose une alternative \u00e0 la page de garde d\u00e9mod\u00e9e de votre passeport. Il est vrai que, la page de garde, soyons honn\u00eate, n&rsquo;est pas tr\u00e8s glamour. Pour y rem\u00e9dier, je vous propose un prot\u00e8ge passeport enti\u00e8rement personnalisable. Il est r\u00e9alis\u00e9, par mes soins, dans des tissus enti\u00e8rement lavable.<\/p>\n<p>Choisissez vos tissus dans <a href=\"https:\/\/unmondeplusbeau.fr\/?page_id=20\">la tissuth\u00e8que<\/a> : un tissu \u00e0 motif et un tissu uni. Puis, indiquez les r\u00e9f\u00e9rences dans les champs en haut de page. L&rsquo;ajout de l&rsquo;option personnalisation (article suppl\u00e9mentaire) permet de donner un vrai plus \u00e0 l&rsquo;article en ajoutant une mention Mes voyages (ou autre). Choisissez un coloris de personnalisation contrastant pour mettre en valeur votre article.<\/p>\n<p>A l&rsquo;int\u00e9rieur du prot\u00e8ge passeport, vous trouverez une poche situ\u00e9e sur le rabat gauche dans laquelle ranger en toute s\u00e9curit\u00e9 votre carte d&rsquo;identit\u00e9.<\/p>\n","protected":false},"excerpt":{"rendered":"<p>Prot\u00e8ge passeport r\u00e9alis\u00e9 avec des tissus \u00e0 choisir dans la tissuth\u00e8que : un tissu uni et un tissu \u00e0 motif. Indiquez les r\u00e9f\u00e9rences pour la cr\u00e9ation de votre article.<\/p>\n<p>La personnalisation du produit est possible. Il s&rsquo;agit d&rsquo;un produit suppl\u00e9mentaire : l&rsquo;option personnalisation. Ajoutez l\u00e0 \u00e0 votre panier et ajoutez votre texte ainsi que la couleur de l&rsquo;\u00e9criture.<\/p>\n","protected":false},"featured_media":705,"template":"","meta":[],"product_brand":[],"product_cat":[80],"product_tag":[81,48,82],"class_list":{"0":"post-697","1":"product","2":"type-product","3":"status-publish","4":"has-post-thumbnail","6":"product_cat-protege-passeport","7":"product_tag-passeport","8":"product_tag-protege","9":"product_tag-voyage","11":"first","12":"instock","13":"taxable","14":"shipping-taxable","15":"purchasable","16":"product-type-variable"},"jetpack_sharing_enabled":true,"_links":{"self":[{"href":"https:\/\/unmondeplusbeau.fr\/index.php?rest_route=\/wp\/v2\/product\/697","targetHints":{"allow":["GET"]}}],"collection":[{"href":"https:\/\/unmondeplusbeau.fr\/index.php?rest_route=\/wp\/v2\/product"}],"about":[{"href":"https:\/\/unmondeplusbeau.fr\/index.php?rest_route=\/wp\/v2\/types\/product"}],"wp:featuredmedia":[{"embeddable":true,"href":"https:\/\/unmondeplusbeau.fr\/index.php?rest_route=\/wp\/v2\/media\/705"}],"wp:attachment":[{"href":"https:\/\/unmondeplusbeau.fr\/index.php?rest_route=%2Fwp%2Fv2%2Fmedia&parent=697"}],"wp:term":[{"taxonomy":"product_brand","embeddable":true,"href":"https:\/\/unmondeplusbeau.fr\/index.php?rest_route=%2Fwp%2Fv2%2Fproduct_brand&post=697"},{"taxonomy":"product_cat","embeddable":true,"href":"https:\/\/unmondeplusbeau.fr\/index.php?rest_route=%2Fwp%2Fv2%2Fproduct_cat&post=697"},{"taxonomy":"product_tag","embeddable":true,"href":"https:\/\/unmondeplusbeau.fr\/index.php?rest_route=%2Fwp%2Fv2%2Fproduct_tag&post=697"}],"curies":[{"name":"wp","href":"https:\/\/api.w.org\/{rel}","templated":true}]}}