{"id":750,"date":"2024-03-17T15:41:47","date_gmt":"2024-03-17T15:41:47","guid":{"rendered":"https:\/\/unmondeplusbeau.fr\/?post_type=product&#038;p=750"},"modified":"2024-03-17T15:50:52","modified_gmt":"2024-03-17T15:50:52","slug":"pochette-ardoise-personnalisable","status":"publish","type":"product","link":"https:\/\/unmondeplusbeau.fr\/?product=pochette-ardoise-personnalisable","title":{"rendered":"Pochette ardoise personnalisable"},"content":{"rendered":"<p>Vous avez envie de faire plaisir \u00e0 votre enfant pour la rentr\u00e9e des classes ? Cette pochette sert de rangement pour l\u2019ardoise de votre petite \u00e9coli\u00e8re. Avec ses rangements inclus dedans, il n\u2019aura plus d\u2019excuses pour perdre ses fournitures.<\/p>\n<p>L\u00e9ger, pratique et peu volumineux, il ne prendra que tr\u00e8s peu de place dans son cartable. Astucieux, on regroupe au m\u00eame endroit les stylos, l\u2019ardoise et la lingette nettoyante.<\/p>\n<p>La pochette permet d\u2019accueillir une ardoise (ou autre, non inclus) de dimension 33 cm x 23 cm, ainsi que 4 stylos (non inclus). Elle est \u00e9galement fournie avec une lingette en coton et \u00e9ponge bambou. Elle se referme gr\u00e2ce \u00e0 un scratch pour une utilisation facile.<\/p>\n<p>Choisissez les tissus pour composer un produit unique! Rdv <a href=\"https:\/\/unmondeplusbeau.fr\/?page_id=20\">sur la page tissuth\u00e8que<\/a>, et s\u00e9lectionnez un tissu \u00e0 motif et un tissu uni. Indiquez ensuite les ref dans les champs en haut de page pour commander. L&rsquo;option personnalisation est possible pour ce produit.<\/p>\n","protected":false},"excerpt":{"rendered":"<p>Une pochette qui servira \u00e0 votre \u00e9coli\u00e8re pour ranger son ardoise, ses feutres et une lingette (qui est incluse pour son nettoyage). Choisissez les tissus pour composer un produit unique! Rdv sur la page tissuth\u00e8que, et s\u00e9lectionnez un tissu \u00e0 motif et un tissu uni. Indiquez ensuite les ref dans les champs en haut de page pour commander. La personnalisation de cet article est possible en ajoutant un article suppl\u00e9mentaire comme option \u00e0 ce produit et choisissez votre texte.<\/p>\n<p>&nbsp;<\/p>\n","protected":false},"featured_media":386,"template":"","meta":[],"product_brand":[],"product_cat":[34],"product_tag":[35,36,21],"class_list":{"0":"post-750","1":"product","2":"type-product","3":"status-publish","4":"has-post-thumbnail","6":"product_cat-pochette-ardoise","7":"product_tag-ardoise","8":"product_tag-ecole","9":"product_tag-pochette","11":"first","12":"instock","13":"taxable","14":"shipping-taxable","15":"purchasable","16":"product-type-simple"},"jetpack_sharing_enabled":true,"_links":{"self":[{"href":"https:\/\/unmondeplusbeau.fr\/index.php?rest_route=\/wp\/v2\/product\/750","targetHints":{"allow":["GET"]}}],"collection":[{"href":"https:\/\/unmondeplusbeau.fr\/index.php?rest_route=\/wp\/v2\/product"}],"about":[{"href":"https:\/\/unmondeplusbeau.fr\/index.php?rest_route=\/wp\/v2\/types\/product"}],"wp:featuredmedia":[{"embeddable":true,"href":"https:\/\/unmondeplusbeau.fr\/index.php?rest_route=\/wp\/v2\/media\/386"}],"wp:attachment":[{"href":"https:\/\/unmondeplusbeau.fr\/index.php?rest_route=%2Fwp%2Fv2%2Fmedia&parent=750"}],"wp:term":[{"taxonomy":"product_brand","embeddable":true,"href":"https:\/\/unmondeplusbeau.fr\/index.php?rest_route=%2Fwp%2Fv2%2Fproduct_brand&post=750"},{"taxonomy":"product_cat","embeddable":true,"href":"https:\/\/unmondeplusbeau.fr\/index.php?rest_route=%2Fwp%2Fv2%2Fproduct_cat&post=750"},{"taxonomy":"product_tag","embeddable":true,"href":"https:\/\/unmondeplusbeau.fr\/index.php?rest_route=%2Fwp%2Fv2%2Fproduct_tag&post=750"}],"curies":[{"name":"wp","href":"https:\/\/api.w.org\/{rel}","templated":true}]}}